{"id":4596,"date":"2025-04-14T15:31:15","date_gmt":"2025-04-14T12:31:15","guid":{"rendered":"https:\/\/www.veekmas.fi\/kaivostiehoylat\/"},"modified":"2025-07-30T12:10:33","modified_gmt":"2025-07-30T09:10:33","slug":"gruvvaghyvlar","status":"publish","type":"page","link":"https:\/\/www.veekmas.fi\/sv\/gruvvaghyvlar\/","title":{"rendered":"Gruvv\u00e4ghyvlar"},"content":{"rendered":"","protected":false},"excerpt":{"rendered":"","protected":false},"author":1,"featured_media":0,"parent":0,"menu_order":0,"comment_status":"closed","ping_status":"closed","template":"page-templates\/lander.php","meta":{"footnotes":""},"class_list":["post-4596","page","type-page","status-publish","hentry"],"yoast_head":"<!-- This site is optimized with the Yoast SEO plugin v27.2 - https:\/\/yoast.com\/product\/yoast-seo-wordpress\/ -->\n<title>Gruvv\u00e4ghyvlar - Veekmas<\/title>\n<meta name=\"robots\" content=\"index, follow, max-snippet:-1, max-image-preview:large, max-video-preview:-1\" \/>\n<link rel=\"canonical\" href=\"https:\/\/www.veekmas.fi\/sv\/gruvvaghyvlar\/\" \/>\n<meta property=\"og:locale\" content=\"sv_SE\" \/>\n<meta property=\"og:type\" content=\"article\" \/>\n<meta property=\"og:title\" content=\"Gruvv\u00e4ghyvlar - Veekmas\" \/>\n<meta property=\"og:url\" content=\"https:\/\/www.veekmas.fi\/sv\/gruvvaghyvlar\/\" \/>\n<meta property=\"og:site_name\" content=\"Veekmas\" \/>\n<meta property=\"article:publisher\" content=\"https:\/\/www.facebook.com\/Veekmas-106071847887476\" \/>\n<meta property=\"article:modified_time\" content=\"2025-07-30T09:10:33+00:00\" \/>\n<meta property=\"og:image\" content=\"https:\/\/www.veekmas.fi\/wpc\/uploads\/2026\/03\/Some-FB-1200x630px.jpg\" \/>\n\t<meta property=\"og:image:width\" content=\"1200\" \/>\n\t<meta property=\"og:image:height\" content=\"630\" \/>\n\t<meta property=\"og:image:type\" content=\"image\/jpeg\" \/>\n<meta name=\"twitter:card\" content=\"summary_large_image\" \/>\n<script type=\"application\/ld+json\" class=\"yoast-schema-graph\">{\"@context\":\"https:\/\/schema.org\",\"@graph\":[{\"@type\":\"WebPage\",\"@id\":\"https:\/\/www.veekmas.fi\/sv\/gruvvaghyvlar\/\",\"url\":\"https:\/\/www.veekmas.fi\/sv\/gruvvaghyvlar\/\",\"name\":\"Gruvv\u00e4ghyvlar - Veekmas\",\"isPartOf\":{\"@id\":\"https:\/\/www.veekmas.fi\/sv\/#website\"},\"datePublished\":\"2025-04-14T12:31:15+00:00\",\"dateModified\":\"2025-07-30T09:10:33+00:00\",\"breadcrumb\":{\"@id\":\"https:\/\/www.veekmas.fi\/sv\/gruvvaghyvlar\/#breadcrumb\"},\"inLanguage\":\"sv-SE\",\"potentialAction\":[{\"@type\":\"ReadAction\",\"target\":[\"https:\/\/www.veekmas.fi\/sv\/gruvvaghyvlar\/\"]}]},{\"@type\":\"BreadcrumbList\",\"@id\":\"https:\/\/www.veekmas.fi\/sv\/gruvvaghyvlar\/#breadcrumb\",\"itemListElement\":[{\"@type\":\"ListItem\",\"position\":1,\"name\":\"Etusivu\",\"item\":\"https:\/\/www.veekmas.fi\/sv\/\"},{\"@type\":\"ListItem\",\"position\":2,\"name\":\"Gruvv\u00e4ghyvlar\"}]},{\"@type\":\"WebSite\",\"@id\":\"https:\/\/www.veekmas.fi\/sv\/#website\",\"url\":\"https:\/\/www.veekmas.fi\/sv\/\",\"name\":\"Veekmas\",\"description\":\"Pohjoismaiden ainoa tieh\u00f6ylien valmistaja ja tieh\u00f6yl\u00e4teknologian edell\u00e4k\u00e4vij\u00e4\",\"publisher\":{\"@id\":\"https:\/\/www.veekmas.fi\/sv\/#organization\"},\"potentialAction\":[{\"@type\":\"SearchAction\",\"target\":{\"@type\":\"EntryPoint\",\"urlTemplate\":\"https:\/\/www.veekmas.fi\/sv\/?s={search_term_string}\"},\"query-input\":{\"@type\":\"PropertyValueSpecification\",\"valueRequired\":true,\"valueName\":\"search_term_string\"}}],\"inLanguage\":\"sv-SE\"},{\"@type\":\"Organization\",\"@id\":\"https:\/\/www.veekmas.fi\/sv\/#organization\",\"name\":\"Veekmas\",\"url\":\"https:\/\/www.veekmas.fi\/sv\/\",\"logo\":{\"@type\":\"ImageObject\",\"inLanguage\":\"sv-SE\",\"@id\":\"https:\/\/www.veekmas.fi\/sv\/#\/schema\/logo\/image\/\",\"url\":\"https:\/\/www.veekmas.fi\/wpc\/uploads\/2026\/03\/Veekmas-some-profiilikuva-800x800px-2025-07.png\",\"contentUrl\":\"https:\/\/www.veekmas.fi\/wpc\/uploads\/2026\/03\/Veekmas-some-profiilikuva-800x800px-2025-07.png\",\"width\":512,\"height\":512,\"caption\":\"Veekmas\"},\"image\":{\"@id\":\"https:\/\/www.veekmas.fi\/sv\/#\/schema\/logo\/image\/\"},\"sameAs\":[\"https:\/\/www.facebook.com\/Veekmas-106071847887476\",\"https:\/\/www.youtube.com\/user\/VeekmasOy\"]}]}<\/script>\n<!-- \/ Yoast SEO plugin. -->","yoast_head_json":{"title":"Gruvv\u00e4ghyvlar - Veekmas","robots":{"index":"index","follow":"follow","max-snippet":"max-snippet:-1","max-image-preview":"max-image-preview:large","max-video-preview":"max-video-preview:-1"},"canonical":"https:\/\/www.veekmas.fi\/sv\/gruvvaghyvlar\/","og_locale":"sv_SE","og_type":"article","og_title":"Gruvv\u00e4ghyvlar - Veekmas","og_url":"https:\/\/www.veekmas.fi\/sv\/gruvvaghyvlar\/","og_site_name":"Veekmas","article_publisher":"https:\/\/www.facebook.com\/Veekmas-106071847887476","article_modified_time":"2025-07-30T09:10:33+00:00","og_image":[{"width":1200,"height":630,"url":"https:\/\/www.veekmas.fi\/wpc\/uploads\/2026\/03\/Some-FB-1200x630px.jpg","type":"image\/jpeg"}],"twitter_card":"summary_large_image","schema":{"@context":"https:\/\/schema.org","@graph":[{"@type":"WebPage","@id":"https:\/\/www.veekmas.fi\/sv\/gruvvaghyvlar\/","url":"https:\/\/www.veekmas.fi\/sv\/gruvvaghyvlar\/","name":"Gruvv\u00e4ghyvlar - Veekmas","isPartOf":{"@id":"https:\/\/www.veekmas.fi\/sv\/#website"},"datePublished":"2025-04-14T12:31:15+00:00","dateModified":"2025-07-30T09:10:33+00:00","breadcrumb":{"@id":"https:\/\/www.veekmas.fi\/sv\/gruvvaghyvlar\/#breadcrumb"},"inLanguage":"sv-SE","potentialAction":[{"@type":"ReadAction","target":["https:\/\/www.veekmas.fi\/sv\/gruvvaghyvlar\/"]}]},{"@type":"BreadcrumbList","@id":"https:\/\/www.veekmas.fi\/sv\/gruvvaghyvlar\/#breadcrumb","itemListElement":[{"@type":"ListItem","position":1,"name":"Etusivu","item":"https:\/\/www.veekmas.fi\/sv\/"},{"@type":"ListItem","position":2,"name":"Gruvv\u00e4ghyvlar"}]},{"@type":"WebSite","@id":"https:\/\/www.veekmas.fi\/sv\/#website","url":"https:\/\/www.veekmas.fi\/sv\/","name":"Veekmas","description":"Pohjoismaiden ainoa tieh\u00f6ylien valmistaja ja tieh\u00f6yl\u00e4teknologian edell\u00e4k\u00e4vij\u00e4","publisher":{"@id":"https:\/\/www.veekmas.fi\/sv\/#organization"},"potentialAction":[{"@type":"SearchAction","target":{"@type":"EntryPoint","urlTemplate":"https:\/\/www.veekmas.fi\/sv\/?s={search_term_string}"},"query-input":{"@type":"PropertyValueSpecification","valueRequired":true,"valueName":"search_term_string"}}],"inLanguage":"sv-SE"},{"@type":"Organization","@id":"https:\/\/www.veekmas.fi\/sv\/#organization","name":"Veekmas","url":"https:\/\/www.veekmas.fi\/sv\/","logo":{"@type":"ImageObject","inLanguage":"sv-SE","@id":"https:\/\/www.veekmas.fi\/sv\/#\/schema\/logo\/image\/","url":"https:\/\/www.veekmas.fi\/wpc\/uploads\/2026\/03\/Veekmas-some-profiilikuva-800x800px-2025-07.png","contentUrl":"https:\/\/www.veekmas.fi\/wpc\/uploads\/2026\/03\/Veekmas-some-profiilikuva-800x800px-2025-07.png","width":512,"height":512,"caption":"Veekmas"},"image":{"@id":"https:\/\/www.veekmas.fi\/sv\/#\/schema\/logo\/image\/"},"sameAs":["https:\/\/www.facebook.com\/Veekmas-106071847887476","https:\/\/www.youtube.com\/user\/VeekmasOy"]}]}},"_links":{"self":[{"href":"https:\/\/www.veekmas.fi\/sv\/wp-json\/wp\/v2\/pages\/4596","targetHints":{"allow":["GET"]}}],"collection":[{"href":"https:\/\/www.veekmas.fi\/sv\/wp-json\/wp\/v2\/pages"}],"about":[{"href":"https:\/\/www.veekmas.fi\/sv\/wp-json\/wp\/v2\/types\/page"}],"author":[{"embeddable":true,"href":"https:\/\/www.veekmas.fi\/sv\/wp-json\/wp\/v2\/users\/1"}],"replies":[{"embeddable":true,"href":"https:\/\/www.veekmas.fi\/sv\/wp-json\/wp\/v2\/comments?post=4596"}],"version-history":[{"count":0,"href":"https:\/\/www.veekmas.fi\/sv\/wp-json\/wp\/v2\/pages\/4596\/revisions"}],"wp:attachment":[{"href":"https:\/\/www.veekmas.fi\/sv\/wp-json\/wp\/v2\/media?parent=4596"}],"curies":[{"name":"wp","href":"https:\/\/api.w.org\/{rel}","templated":true}]}}