{"id":4564,"date":"2025-06-27T11:13:00","date_gmt":"2025-06-27T08:13:00","guid":{"rendered":"https:\/\/www.veekmas.fi\/foretag\/toimitilat\/"},"modified":"2025-07-30T14:42:36","modified_gmt":"2025-07-30T11:42:36","slug":"affarsutrymmen","status":"publish","type":"page","link":"https:\/\/www.veekmas.fi\/sv\/foretag\/affarsutrymmen\/","title":{"rendered":"Aff\u00e4rsutrymmen"},"content":{"rendered":"<h1>Egna lokaler i Kitee, Sastamala och B\u00e5lsta<\/h1>\n<p><img loading=\"lazy\" decoding=\"async\" class=\"alignnone size-full wp-image-3833\" src=\"https:\/\/www.veekmas.fi\/wpc\/uploads\/2025\/06\/toimitilat-1-2.jpg\" alt=\"\" width=\"1000\" height=\"554\" srcset=\"https:\/\/www.veekmas.fi\/wpc\/uploads\/2025\/06\/toimitilat-1-2.jpg 1000w, https:\/\/www.veekmas.fi\/wpc\/uploads\/2025\/06\/toimitilat-1-2-300x166.jpg 300w, https:\/\/www.veekmas.fi\/wpc\/uploads\/2025\/06\/toimitilat-1-2-768x425.jpg 768w, https:\/\/www.veekmas.fi\/wpc\/uploads\/2025\/06\/toimitilat-1-2-653x362.jpg 653w\" sizes=\"auto, (max-width: 1000px) 100vw, 1000px\" \/><\/p>\n<p><em>Lokaler i Tolosenm\u00e4ki, Kitee<\/em><\/p>\n<p>Veekmas Oys lokaler har kontinuerligt ut\u00f6kats allt eftersom aff\u00e4rsr\u00f6relsen har v\u00e4xt. I Finland har f\u00f6retaget egna lokaler p\u00e5 \u00f6ver 10 000 m2 i Tolosenm\u00e4ki, Kitee. De \u00e4r bel\u00e4gna alldeles i n\u00e4rheten av j\u00e4rnv\u00e4gsstationen och huvudv\u00e4gen genom samh\u00e4llet. Bolaget har \u00e4ven ett konstruktionsavdelning samt en uthyrd monteringshall p\u00e5 600 m2 i n\u00e4rheten av Sastamalas (fd Vammala) centrum.<\/p>\n<p>I Uddevalla har Veekmas Oy ett dotterbolag, Veekmas AB.<\/p>\n<h2>Fabrikslokaler och kontor i Tolosenm\u00e4ki, Kitee<\/h2>\n<p><img loading=\"lazy\" decoding=\"async\" class=\"alignnone size-full wp-image-3836\" src=\"https:\/\/www.veekmas.fi\/wpc\/uploads\/2025\/06\/toimitilat-2-2.jpg\" alt=\"\" width=\"1000\" height=\"437\" srcset=\"https:\/\/www.veekmas.fi\/wpc\/uploads\/2025\/06\/toimitilat-2-2.jpg 1000w, https:\/\/www.veekmas.fi\/wpc\/uploads\/2025\/06\/toimitilat-2-2-300x131.jpg 300w, https:\/\/www.veekmas.fi\/wpc\/uploads\/2025\/06\/toimitilat-2-2-768x336.jpg 768w, https:\/\/www.veekmas.fi\/wpc\/uploads\/2025\/06\/toimitilat-2-2-653x285.jpg 653w\" sizes=\"auto, (max-width: 1000px) 100vw, 1000px\" \/><\/p>\n<p>Monteringshall och kontor i Kitee<\/p>\n<p><img loading=\"lazy\" decoding=\"async\" class=\"alignnone size-full wp-image-3839\" src=\"https:\/\/www.veekmas.fi\/wpc\/uploads\/2025\/06\/toimitilat-3-2.jpg\" alt=\"\" width=\"1000\" height=\"410\" srcset=\"https:\/\/www.veekmas.fi\/wpc\/uploads\/2025\/06\/toimitilat-3-2.jpg 1000w, https:\/\/www.veekmas.fi\/wpc\/uploads\/2025\/06\/toimitilat-3-2-300x123.jpg 300w, https:\/\/www.veekmas.fi\/wpc\/uploads\/2025\/06\/toimitilat-3-2-768x315.jpg 768w, https:\/\/www.veekmas.fi\/wpc\/uploads\/2025\/06\/toimitilat-3-2-653x268.jpg 653w\" sizes=\"auto, (max-width: 1000px) 100vw, 1000px\" \/><\/p>\n<p>Karelen-konferensrum och -lagerlokal samt nya monteringshall och kontor i Kitee<\/p>\n<p><img loading=\"lazy\" decoding=\"async\" class=\"alignnone size-full wp-image-3842\" src=\"https:\/\/www.veekmas.fi\/wpc\/uploads\/2025\/06\/toimitilat-4-2.jpg\" alt=\"\" width=\"1000\" height=\"403\" srcset=\"https:\/\/www.veekmas.fi\/wpc\/uploads\/2025\/06\/toimitilat-4-2.jpg 1000w, https:\/\/www.veekmas.fi\/wpc\/uploads\/2025\/06\/toimitilat-4-2-300x121.jpg 300w, https:\/\/www.veekmas.fi\/wpc\/uploads\/2025\/06\/toimitilat-4-2-768x310.jpg 768w, https:\/\/www.veekmas.fi\/wpc\/uploads\/2025\/06\/toimitilat-4-2-653x263.jpg 653w\" sizes=\"auto, (max-width: 1000px) 100vw, 1000px\" \/><\/p>\n<p>Karelen-monteringshall i Kitee<\/p>\n<p><img loading=\"lazy\" decoding=\"async\" class=\"alignnone size-full wp-image-3845\" src=\"https:\/\/www.veekmas.fi\/wpc\/uploads\/2025\/06\/toimitilat-5-2.jpg\" alt=\"\" width=\"1000\" height=\"430\" srcset=\"https:\/\/www.veekmas.fi\/wpc\/uploads\/2025\/06\/toimitilat-5-2.jpg 1000w, https:\/\/www.veekmas.fi\/wpc\/uploads\/2025\/06\/toimitilat-5-2-300x129.jpg 300w, https:\/\/www.veekmas.fi\/wpc\/uploads\/2025\/06\/toimitilat-5-2-768x330.jpg 768w, https:\/\/www.veekmas.fi\/wpc\/uploads\/2025\/06\/toimitilat-5-2-653x281.jpg 653w\" sizes=\"auto, (max-width: 1000px) 100vw, 1000px\" \/><\/p>\n<p>St\u00e5lkomponentlager i Kitee<\/p>\n<p><img loading=\"lazy\" decoding=\"async\" class=\"alignnone size-full wp-image-3848\" src=\"https:\/\/www.veekmas.fi\/wpc\/uploads\/2025\/06\/toimitilat-6-2.jpg\" alt=\"\" width=\"1000\" height=\"533\" srcset=\"https:\/\/www.veekmas.fi\/wpc\/uploads\/2025\/06\/toimitilat-6-2.jpg 1000w, https:\/\/www.veekmas.fi\/wpc\/uploads\/2025\/06\/toimitilat-6-2-300x160.jpg 300w, https:\/\/www.veekmas.fi\/wpc\/uploads\/2025\/06\/toimitilat-6-2-768x409.jpg 768w, https:\/\/www.veekmas.fi\/wpc\/uploads\/2025\/06\/toimitilat-6-2-653x348.jpg 653w\" sizes=\"auto, (max-width: 1000px) 100vw, 1000px\" \/><\/p>\n<p>M\u00e5leriverkstad och lagerlokal i Kitee<\/p>\n<p><img loading=\"lazy\" decoding=\"async\" class=\"alignnone size-full wp-image-3851\" src=\"https:\/\/www.veekmas.fi\/wpc\/uploads\/2025\/06\/toimitilat-7-2.jpg\" alt=\"\" width=\"1000\" height=\"533\" srcset=\"https:\/\/www.veekmas.fi\/wpc\/uploads\/2025\/06\/toimitilat-7-2.jpg 1000w, https:\/\/www.veekmas.fi\/wpc\/uploads\/2025\/06\/toimitilat-7-2-300x160.jpg 300w, https:\/\/www.veekmas.fi\/wpc\/uploads\/2025\/06\/toimitilat-7-2-768x409.jpg 768w, https:\/\/www.veekmas.fi\/wpc\/uploads\/2025\/06\/toimitilat-7-2-653x348.jpg 653w\" sizes=\"auto, (max-width: 1000px) 100vw, 1000px\" \/><\/p>\n<p>Tv\u00e4tthall och lagerlokal i Kitee<\/p>\n<p><img loading=\"lazy\" decoding=\"async\" class=\"alignnone size-full wp-image-3854\" src=\"https:\/\/www.veekmas.fi\/wpc\/uploads\/2025\/06\/toimitilat-8-2.jpg\" alt=\"\" width=\"1000\" height=\"533\" srcset=\"https:\/\/www.veekmas.fi\/wpc\/uploads\/2025\/06\/toimitilat-8-2.jpg 1000w, https:\/\/www.veekmas.fi\/wpc\/uploads\/2025\/06\/toimitilat-8-2-300x160.jpg 300w, https:\/\/www.veekmas.fi\/wpc\/uploads\/2025\/06\/toimitilat-8-2-768x409.jpg 768w, https:\/\/www.veekmas.fi\/wpc\/uploads\/2025\/06\/toimitilat-8-2-653x348.jpg 653w\" sizes=\"auto, (max-width: 1000px) 100vw, 1000px\" \/><\/p>\n<p>Lagerlokal i Kitee<\/p>\n<p><img loading=\"lazy\" decoding=\"async\" class=\"alignnone size-full wp-image-3857\" src=\"https:\/\/www.veekmas.fi\/wpc\/uploads\/2025\/06\/toimitilat-9-2.jpg\" alt=\"\" width=\"1000\" height=\"533\" srcset=\"https:\/\/www.veekmas.fi\/wpc\/uploads\/2025\/06\/toimitilat-9-2.jpg 1000w, https:\/\/www.veekmas.fi\/wpc\/uploads\/2025\/06\/toimitilat-9-2-300x160.jpg 300w, https:\/\/www.veekmas.fi\/wpc\/uploads\/2025\/06\/toimitilat-9-2-768x409.jpg 768w, https:\/\/www.veekmas.fi\/wpc\/uploads\/2025\/06\/toimitilat-9-2-653x348.jpg 653w\" sizes=\"auto, (max-width: 1000px) 100vw, 1000px\" \/><\/p>\n<p>Sandbl\u00e4stringshall i Kitee<\/p>\n<p><img loading=\"lazy\" decoding=\"async\" class=\"alignnone size-full wp-image-3860\" src=\"https:\/\/www.veekmas.fi\/wpc\/uploads\/2025\/06\/toimitilat-10-2.jpg\" alt=\"\" width=\"479\" height=\"532\" srcset=\"https:\/\/www.veekmas.fi\/wpc\/uploads\/2025\/06\/toimitilat-10-2.jpg 479w, https:\/\/www.veekmas.fi\/wpc\/uploads\/2025\/06\/toimitilat-10-2-270x300.jpg 270w\" sizes=\"auto, (max-width: 479px) 100vw, 479px\" \/><\/p>\n<p>Egen v\u00e4rmeanl\u00e4ggning samt tr\u00e4flislager i Kitee<\/p>\n<p><img loading=\"lazy\" decoding=\"async\" class=\"alignnone size-full wp-image-3863\" src=\"https:\/\/www.veekmas.fi\/wpc\/uploads\/2025\/06\/toimitilat-11-1.jpg\" alt=\"\" width=\"1000\" height=\"750\" srcset=\"https:\/\/www.veekmas.fi\/wpc\/uploads\/2025\/06\/toimitilat-11-1.jpg 1000w, https:\/\/www.veekmas.fi\/wpc\/uploads\/2025\/06\/toimitilat-11-1-300x225.jpg 300w, https:\/\/www.veekmas.fi\/wpc\/uploads\/2025\/06\/toimitilat-11-1-768x576.jpg 768w, https:\/\/www.veekmas.fi\/wpc\/uploads\/2025\/06\/toimitilat-11-1-600x450.jpg 600w, https:\/\/www.veekmas.fi\/wpc\/uploads\/2025\/06\/toimitilat-11-1-653x490.jpg 653w\" sizes=\"auto, (max-width: 1000px) 100vw, 1000px\" \/><\/p>\n<p>Karelen-konferensrum i Kitee<\/p>\n<p><img loading=\"lazy\" decoding=\"async\" class=\"alignnone size-full wp-image-3866\" src=\"https:\/\/www.veekmas.fi\/wpc\/uploads\/2025\/06\/toimitilat-12-2.jpg\" alt=\"\" width=\"1000\" height=\"750\" srcset=\"https:\/\/www.veekmas.fi\/wpc\/uploads\/2025\/06\/toimitilat-12-2.jpg 1000w, https:\/\/www.veekmas.fi\/wpc\/uploads\/2025\/06\/toimitilat-12-2-300x225.jpg 300w, https:\/\/www.veekmas.fi\/wpc\/uploads\/2025\/06\/toimitilat-12-2-768x576.jpg 768w, https:\/\/www.veekmas.fi\/wpc\/uploads\/2025\/06\/toimitilat-12-2-600x450.jpg 600w, https:\/\/www.veekmas.fi\/wpc\/uploads\/2025\/06\/toimitilat-12-2-653x490.jpg 653w\" sizes=\"auto, (max-width: 1000px) 100vw, 1000px\" \/><\/p>\n<p>Det finns ocks\u00e5 ett biljardbord och ett piano in Karelen-konferensrum<\/p>\n<h2>Lokaler i Sastamala<\/h2>\n<p>Lokalerna i Sastamala \u00e4r bel\u00e4gna p\u00e5 Harjukatu 3.<\/p>\n<p><img loading=\"lazy\" decoding=\"async\" class=\"alignnone size-full wp-image-3869\" src=\"https:\/\/www.veekmas.fi\/wpc\/uploads\/2025\/06\/toimitilat-13-2.jpg\" alt=\"\" width=\"550\" height=\"293\" srcset=\"https:\/\/www.veekmas.fi\/wpc\/uploads\/2025\/06\/toimitilat-13-2.jpg 550w, https:\/\/www.veekmas.fi\/wpc\/uploads\/2025\/06\/toimitilat-13-2-300x160.jpg 300w\" sizes=\"auto, (max-width: 550px) 100vw, 550px\" \/><\/p>\n<p>Konstruktionsavdelning och en uthyrd hall i Sastamala<\/p>\n<h2>Veekmas Svenska AB\u2019s lokaler i B\u00e5lsta<\/h2>\n<p>Veekmas Svenska AB finns i B\u00e5lsta p\u00e5 Spjutv\u00e4gen 34.<\/p>\n<p><img loading=\"lazy\" decoding=\"async\" class=\"alignnone size-full wp-image-3830\" src=\"https:\/\/www.veekmas.fi\/wpc\/uploads\/2025\/06\/Balsta-toimitila-576x1024-1.jpg\" alt=\"\" width=\"576\" height=\"1024\" srcset=\"https:\/\/www.veekmas.fi\/wpc\/uploads\/2025\/06\/Balsta-toimitila-576x1024-1.jpg 576w, https:\/\/www.veekmas.fi\/wpc\/uploads\/2025\/06\/Balsta-toimitila-576x1024-1-169x300.jpg 169w\" sizes=\"auto, (max-width: 576px) 100vw, 576px\" \/><\/p>\n<p>Veekmas Svenska AB har ett stort reservdelslager i B\u00e5lsta<\/p>\n<p><img loading=\"lazy\" decoding=\"async\" class=\"alignnone size-full wp-image-3872\" src=\"https:\/\/www.veekmas.fi\/wpc\/uploads\/2025\/06\/toimitilat-15-2.jpg\" alt=\"\" width=\"1000\" height=\"750\" srcset=\"https:\/\/www.veekmas.fi\/wpc\/uploads\/2025\/06\/toimitilat-15-2.jpg 1000w, https:\/\/www.veekmas.fi\/wpc\/uploads\/2025\/06\/toimitilat-15-2-300x225.jpg 300w, https:\/\/www.veekmas.fi\/wpc\/uploads\/2025\/06\/toimitilat-15-2-768x576.jpg 768w, https:\/\/www.veekmas.fi\/wpc\/uploads\/2025\/06\/toimitilat-15-2-600x450.jpg 600w, https:\/\/www.veekmas.fi\/wpc\/uploads\/2025\/06\/toimitilat-15-2-653x490.jpg 653w\" sizes=\"auto, (max-width: 1000px) 100vw, 1000px\" \/><\/p>\n<p>Veekmas Svenska AB har reservdelslager och kontor i B\u00e5lsta<\/p>\n","protected":false},"excerpt":{"rendered":"<p>Egna lokaler i Kitee, Sastamala och B\u00e5lsta Lokaler i Tolosenm\u00e4ki, Kitee Veekmas Oys lokaler har kontinuerligt ut\u00f6kats allt eftersom aff\u00e4rsr\u00f6relsen har v\u00e4xt. I Finland har&#8230;<\/p>\n","protected":false},"author":1,"featured_media":0,"parent":4547,"menu_order":0,"comment_status":"closed","ping_status":"closed","template":"page-templates\/lander.php","meta":{"footnotes":""},"class_list":["post-4564","page","type-page","status-publish","hentry"],"yoast_head":"<!-- This site is optimized with the Yoast SEO plugin v27.2 - https:\/\/yoast.com\/product\/yoast-seo-wordpress\/ -->\n<title>Aff\u00e4rsutrymmen - Veekmas<\/title>\n<meta name=\"robots\" content=\"index, follow, max-snippet:-1, max-image-preview:large, max-video-preview:-1\" \/>\n<link rel=\"canonical\" href=\"https:\/\/www.veekmas.fi\/sv\/foretag\/affarsutrymmen\/\" \/>\n<meta property=\"og:locale\" content=\"sv_SE\" \/>\n<meta property=\"og:type\" content=\"article\" \/>\n<meta property=\"og:title\" content=\"Aff\u00e4rsutrymmen - Veekmas\" \/>\n<meta property=\"og:description\" content=\"Egna lokaler i Kitee, Sastamala och B\u00e5lsta Lokaler i Tolosenm\u00e4ki, Kitee Veekmas Oys lokaler har kontinuerligt ut\u00f6kats allt eftersom aff\u00e4rsr\u00f6relsen har v\u00e4xt. I Finland har...\" \/>\n<meta property=\"og:url\" content=\"https:\/\/www.veekmas.fi\/sv\/foretag\/affarsutrymmen\/\" \/>\n<meta property=\"og:site_name\" content=\"Veekmas\" \/>\n<meta property=\"article:publisher\" content=\"https:\/\/www.facebook.com\/Veekmas-106071847887476\" \/>\n<meta property=\"article:modified_time\" content=\"2025-07-30T11:42:36+00:00\" \/>\n<meta property=\"og:image\" content=\"https:\/\/www.veekmas.fi\/wpc\/uploads\/2025\/06\/toimitilat-1-2.jpg\" \/>\n\t<meta property=\"og:image:width\" content=\"1000\" \/>\n\t<meta property=\"og:image:height\" content=\"554\" \/>\n\t<meta property=\"og:image:type\" content=\"image\/jpeg\" \/>\n<meta name=\"twitter:card\" content=\"summary_large_image\" \/>\n<meta name=\"twitter:label1\" content=\"Est. reading time\" \/>\n\t<meta name=\"twitter:data1\" content=\"5 minutes\" \/>\n<script type=\"application\/ld+json\" class=\"yoast-schema-graph\">{\"@context\":\"https:\/\/schema.org\",\"@graph\":[{\"@type\":\"WebPage\",\"@id\":\"https:\/\/www.veekmas.fi\/sv\/foretag\/affarsutrymmen\/\",\"url\":\"https:\/\/www.veekmas.fi\/sv\/foretag\/affarsutrymmen\/\",\"name\":\"Aff\u00e4rsutrymmen - Veekmas\",\"isPartOf\":{\"@id\":\"https:\/\/www.veekmas.fi\/sv\/#website\"},\"primaryImageOfPage\":{\"@id\":\"https:\/\/www.veekmas.fi\/sv\/foretag\/affarsutrymmen\/#primaryimage\"},\"image\":{\"@id\":\"https:\/\/www.veekmas.fi\/sv\/foretag\/affarsutrymmen\/#primaryimage\"},\"thumbnailUrl\":\"https:\/\/www.veekmas.fi\/wpc\/uploads\/2025\/06\/toimitilat-1-2.jpg\",\"datePublished\":\"2025-06-27T08:13:00+00:00\",\"dateModified\":\"2025-07-30T11:42:36+00:00\",\"breadcrumb\":{\"@id\":\"https:\/\/www.veekmas.fi\/sv\/foretag\/affarsutrymmen\/#breadcrumb\"},\"inLanguage\":\"sv-SE\",\"potentialAction\":[{\"@type\":\"ReadAction\",\"target\":[\"https:\/\/www.veekmas.fi\/sv\/foretag\/affarsutrymmen\/\"]}]},{\"@type\":\"ImageObject\",\"inLanguage\":\"sv-SE\",\"@id\":\"https:\/\/www.veekmas.fi\/sv\/foretag\/affarsutrymmen\/#primaryimage\",\"url\":\"https:\/\/www.veekmas.fi\/wpc\/uploads\/2025\/06\/toimitilat-1-2.jpg\",\"contentUrl\":\"https:\/\/www.veekmas.fi\/wpc\/uploads\/2025\/06\/toimitilat-1-2.jpg\"},{\"@type\":\"BreadcrumbList\",\"@id\":\"https:\/\/www.veekmas.fi\/sv\/foretag\/affarsutrymmen\/#breadcrumb\",\"itemListElement\":[{\"@type\":\"ListItem\",\"position\":1,\"name\":\"Etusivu\",\"item\":\"https:\/\/www.veekmas.fi\/sv\/\"},{\"@type\":\"ListItem\",\"position\":2,\"name\":\"F\u00f6retag\",\"item\":\"https:\/\/www.veekmas.fi\/sv\/yritys\/\"},{\"@type\":\"ListItem\",\"position\":3,\"name\":\"Aff\u00e4rsutrymmen\"}]},{\"@type\":\"WebSite\",\"@id\":\"https:\/\/www.veekmas.fi\/sv\/#website\",\"url\":\"https:\/\/www.veekmas.fi\/sv\/\",\"name\":\"Veekmas\",\"description\":\"Pohjoismaiden ainoa tieh\u00f6ylien valmistaja ja tieh\u00f6yl\u00e4teknologian edell\u00e4k\u00e4vij\u00e4\",\"publisher\":{\"@id\":\"https:\/\/www.veekmas.fi\/sv\/#organization\"},\"potentialAction\":[{\"@type\":\"SearchAction\",\"target\":{\"@type\":\"EntryPoint\",\"urlTemplate\":\"https:\/\/www.veekmas.fi\/sv\/?s={search_term_string}\"},\"query-input\":{\"@type\":\"PropertyValueSpecification\",\"valueRequired\":true,\"valueName\":\"search_term_string\"}}],\"inLanguage\":\"sv-SE\"},{\"@type\":\"Organization\",\"@id\":\"https:\/\/www.veekmas.fi\/sv\/#organization\",\"name\":\"Veekmas\",\"url\":\"https:\/\/www.veekmas.fi\/sv\/\",\"logo\":{\"@type\":\"ImageObject\",\"inLanguage\":\"sv-SE\",\"@id\":\"https:\/\/www.veekmas.fi\/sv\/#\/schema\/logo\/image\/\",\"url\":\"https:\/\/www.veekmas.fi\/wpc\/uploads\/2026\/03\/Veekmas-some-profiilikuva-800x800px-2025-07.png\",\"contentUrl\":\"https:\/\/www.veekmas.fi\/wpc\/uploads\/2026\/03\/Veekmas-some-profiilikuva-800x800px-2025-07.png\",\"width\":512,\"height\":512,\"caption\":\"Veekmas\"},\"image\":{\"@id\":\"https:\/\/www.veekmas.fi\/sv\/#\/schema\/logo\/image\/\"},\"sameAs\":[\"https:\/\/www.facebook.com\/Veekmas-106071847887476\",\"https:\/\/www.youtube.com\/user\/VeekmasOy\"]}]}<\/script>\n<!-- \/ Yoast SEO plugin. -->","yoast_head_json":{"title":"Aff\u00e4rsutrymmen - Veekmas","robots":{"index":"index","follow":"follow","max-snippet":"max-snippet:-1","max-image-preview":"max-image-preview:large","max-video-preview":"max-video-preview:-1"},"canonical":"https:\/\/www.veekmas.fi\/sv\/foretag\/affarsutrymmen\/","og_locale":"sv_SE","og_type":"article","og_title":"Aff\u00e4rsutrymmen - Veekmas","og_description":"Egna lokaler i Kitee, Sastamala och B\u00e5lsta Lokaler i Tolosenm\u00e4ki, Kitee Veekmas Oys lokaler har kontinuerligt ut\u00f6kats allt eftersom aff\u00e4rsr\u00f6relsen har v\u00e4xt. I Finland har...","og_url":"https:\/\/www.veekmas.fi\/sv\/foretag\/affarsutrymmen\/","og_site_name":"Veekmas","article_publisher":"https:\/\/www.facebook.com\/Veekmas-106071847887476","article_modified_time":"2025-07-30T11:42:36+00:00","og_image":[{"width":1000,"height":554,"url":"https:\/\/www.veekmas.fi\/wpc\/uploads\/2025\/06\/toimitilat-1-2.jpg","type":"image\/jpeg"}],"twitter_card":"summary_large_image","twitter_misc":{"Est. reading time":"5 minutes"},"schema":{"@context":"https:\/\/schema.org","@graph":[{"@type":"WebPage","@id":"https:\/\/www.veekmas.fi\/sv\/foretag\/affarsutrymmen\/","url":"https:\/\/www.veekmas.fi\/sv\/foretag\/affarsutrymmen\/","name":"Aff\u00e4rsutrymmen - Veekmas","isPartOf":{"@id":"https:\/\/www.veekmas.fi\/sv\/#website"},"primaryImageOfPage":{"@id":"https:\/\/www.veekmas.fi\/sv\/foretag\/affarsutrymmen\/#primaryimage"},"image":{"@id":"https:\/\/www.veekmas.fi\/sv\/foretag\/affarsutrymmen\/#primaryimage"},"thumbnailUrl":"https:\/\/www.veekmas.fi\/wpc\/uploads\/2025\/06\/toimitilat-1-2.jpg","datePublished":"2025-06-27T08:13:00+00:00","dateModified":"2025-07-30T11:42:36+00:00","breadcrumb":{"@id":"https:\/\/www.veekmas.fi\/sv\/foretag\/affarsutrymmen\/#breadcrumb"},"inLanguage":"sv-SE","potentialAction":[{"@type":"ReadAction","target":["https:\/\/www.veekmas.fi\/sv\/foretag\/affarsutrymmen\/"]}]},{"@type":"ImageObject","inLanguage":"sv-SE","@id":"https:\/\/www.veekmas.fi\/sv\/foretag\/affarsutrymmen\/#primaryimage","url":"https:\/\/www.veekmas.fi\/wpc\/uploads\/2025\/06\/toimitilat-1-2.jpg","contentUrl":"https:\/\/www.veekmas.fi\/wpc\/uploads\/2025\/06\/toimitilat-1-2.jpg"},{"@type":"BreadcrumbList","@id":"https:\/\/www.veekmas.fi\/sv\/foretag\/affarsutrymmen\/#breadcrumb","itemListElement":[{"@type":"ListItem","position":1,"name":"Etusivu","item":"https:\/\/www.veekmas.fi\/sv\/"},{"@type":"ListItem","position":2,"name":"F\u00f6retag","item":"https:\/\/www.veekmas.fi\/sv\/yritys\/"},{"@type":"ListItem","position":3,"name":"Aff\u00e4rsutrymmen"}]},{"@type":"WebSite","@id":"https:\/\/www.veekmas.fi\/sv\/#website","url":"https:\/\/www.veekmas.fi\/sv\/","name":"Veekmas","description":"Pohjoismaiden ainoa tieh\u00f6ylien valmistaja ja tieh\u00f6yl\u00e4teknologian edell\u00e4k\u00e4vij\u00e4","publisher":{"@id":"https:\/\/www.veekmas.fi\/sv\/#organization"},"potentialAction":[{"@type":"SearchAction","target":{"@type":"EntryPoint","urlTemplate":"https:\/\/www.veekmas.fi\/sv\/?s={search_term_string}"},"query-input":{"@type":"PropertyValueSpecification","valueRequired":true,"valueName":"search_term_string"}}],"inLanguage":"sv-SE"},{"@type":"Organization","@id":"https:\/\/www.veekmas.fi\/sv\/#organization","name":"Veekmas","url":"https:\/\/www.veekmas.fi\/sv\/","logo":{"@type":"ImageObject","inLanguage":"sv-SE","@id":"https:\/\/www.veekmas.fi\/sv\/#\/schema\/logo\/image\/","url":"https:\/\/www.veekmas.fi\/wpc\/uploads\/2026\/03\/Veekmas-some-profiilikuva-800x800px-2025-07.png","contentUrl":"https:\/\/www.veekmas.fi\/wpc\/uploads\/2026\/03\/Veekmas-some-profiilikuva-800x800px-2025-07.png","width":512,"height":512,"caption":"Veekmas"},"image":{"@id":"https:\/\/www.veekmas.fi\/sv\/#\/schema\/logo\/image\/"},"sameAs":["https:\/\/www.facebook.com\/Veekmas-106071847887476","https:\/\/www.youtube.com\/user\/VeekmasOy"]}]}},"_links":{"self":[{"href":"https:\/\/www.veekmas.fi\/sv\/wp-json\/wp\/v2\/pages\/4564","targetHints":{"allow":["GET"]}}],"collection":[{"href":"https:\/\/www.veekmas.fi\/sv\/wp-json\/wp\/v2\/pages"}],"about":[{"href":"https:\/\/www.veekmas.fi\/sv\/wp-json\/wp\/v2\/types\/page"}],"author":[{"embeddable":true,"href":"https:\/\/www.veekmas.fi\/sv\/wp-json\/wp\/v2\/users\/1"}],"replies":[{"embeddable":true,"href":"https:\/\/www.veekmas.fi\/sv\/wp-json\/wp\/v2\/comments?post=4564"}],"version-history":[{"count":0,"href":"https:\/\/www.veekmas.fi\/sv\/wp-json\/wp\/v2\/pages\/4564\/revisions"}],"up":[{"embeddable":true,"href":"https:\/\/www.veekmas.fi\/sv\/wp-json\/wp\/v2\/pages\/4547"}],"wp:attachment":[{"href":"https:\/\/www.veekmas.fi\/sv\/wp-json\/wp\/v2\/media?parent=4564"}],"curies":[{"name":"wp","href":"https:\/\/api.w.org\/{rel}","templated":true}]}}