{"id":4560,"date":"2025-06-27T11:05:18","date_gmt":"2025-06-27T08:05:18","guid":{"rendered":"https:\/\/www.veekmas.fi\/foretag\/historia\/"},"modified":"2025-07-30T14:36:33","modified_gmt":"2025-07-30T11:36:33","slug":"historien","status":"publish","type":"page","link":"https:\/\/www.veekmas.fi\/sv\/foretag\/historien\/","title":{"rendered":"Historien"},"content":{"rendered":"<h2>En liten pojkes intresse av maskiner<\/h2>\n<p>Esa Halttunen f\u00f6ddes i Kitee och v\u00e4xte upp i en lantbrukarfamilj. Esas intresse f\u00f6r maskiner b\u00f6rjade redan i tidig \u00e5lder och n\u00e4r han senare skulle b\u00f6rja p\u00e5 yrkesskolan valde han en jordbruksteknisk linje. N\u00e4r studierna hade p\u00e5b\u00f6rjats bytte han till bilmekanisk linje i st\u00e4llet.<\/p>\n<p>Efter studierna gjorde Esa sin milit\u00e4rtj\u00e4nst som lastbilsf\u00f6rare i den karelska bataljonen i 10 m\u00e5nader. Han tilldelades ett k\u00f6rkort f\u00f6r tung trafik. D\u00e4refter arbetade Esa som bilmont\u00f6r p\u00e5 en maskinverkstad i Kitee. N\u00e4r arbetsgivaren pl\u00f6tsligt avled b\u00f6rjade Esa jobba som f\u00f6rman p\u00e5 maskinverkstaden. Precis f\u00f6re sin bortg\u00e5ng hade arbetsgivaren anskaffat en transport licens som nu Esa erbj\u00f6ds. Han arbetade som egen f\u00f6retagare i lastbilsbranchen till 1974 d\u00e5 han gick \u00f6ver till v\u00e4ghyvelentreprenad.<\/p>\n<p><em>5-\u00e5rig Esa kl\u00e4dd i nya kl\u00e4der som har sytts av mor Jenny<\/em><\/p>\n<p><img loading=\"lazy\" decoding=\"async\" class=\"alignnone size-full wp-image-3815\" src=\"https:\/\/www.veekmas.fi\/wpc\/uploads\/2025\/06\/historia-1.jpg\" alt=\"\" width=\"250\" height=\"382\" srcset=\"https:\/\/www.veekmas.fi\/wpc\/uploads\/2025\/06\/historia-1.jpg 250w, https:\/\/www.veekmas.fi\/wpc\/uploads\/2025\/06\/historia-1-196x300.jpg 196w\" sizes=\"auto, (max-width: 250px) 100vw, 250px\" \/><\/p>\n<h2>B\u00f6rjade som ett enmansf\u00f6retag<\/h2>\n<p>1977 anst\u00e4llde Esa den f\u00f6rsta personen i f\u00f6retaget och b\u00f6rjade \u00e4ven sitt jobb som bilf\u00f6rs\u00e4ljare samtidigt som han fortsatte med sin entreprenadverksamhet. Den 8 \u00e5r l\u00e5nga perioden som bilf\u00f6rs\u00e4ljare p\u00e5 Ford gav honom en god s\u00e4ljf\u00f6rm\u00e5ga. Den f\u00f6rsta 300 m2 serviceverkstaden byggde Esa i Tolosenm\u00e4ki redan 1982. Sedan 1985 har han p\u00e5 heltid \u00e4gnat sig \u00e5t v\u00e4ghyvel entreprenad.<\/p>\n<p>I slutet av 1970-talet b\u00f6rjade Esa reparera gamla v\u00e4ghyvlar till f\u00f6rs\u00e4ljning samtidigt som han fortsatte med sin entreprenadverksamhet f\u00f6r att kunna ha tillr\u00e4ckligt med arbete f\u00f6r en heltidsanst\u00e4lld. Veekmas Ky (kommanditbolag) etablerades 1982 och Veekmas Oy (aktiebolag) 1984. Bolaget \u00e4gdes av familjens den tidens fyra medlemmar.<\/p>\n<p><img loading=\"lazy\" decoding=\"async\" class=\"alignnone size-full wp-image-3818\" src=\"https:\/\/www.veekmas.fi\/wpc\/uploads\/2025\/06\/historia-2.jpg\" alt=\"\" width=\"1000\" height=\"533\" srcset=\"https:\/\/www.veekmas.fi\/wpc\/uploads\/2025\/06\/historia-2.jpg 1000w, https:\/\/www.veekmas.fi\/wpc\/uploads\/2025\/06\/historia-2-300x160.jpg 300w, https:\/\/www.veekmas.fi\/wpc\/uploads\/2025\/06\/historia-2-768x409.jpg 768w, https:\/\/www.veekmas.fi\/wpc\/uploads\/2025\/06\/historia-2-653x348.jpg 653w\" sizes=\"auto, (max-width: 1000px) 100vw, 1000px\" \/><\/p>\n<h2>Hundratals svenska v\u00e4ghyvlar har renoverats<\/h2>\n<p>Fr\u00e5n svenska V\u00e4gverket k\u00f6pte Veekmas p\u00e5 1980- och 1990-talen cirka 250 gamla uttj\u00e4nta Nord-Verk-v\u00e4ghyvlar. Transporten till Finland b\u00f6rjade med lastbiltj\u00e4nst, senare med egen lastbil och avslutades med att v\u00e4ghyvlarna k\u00f6rdes en och en. Maskinerna totalrenoverades i Kitee och fick p\u00e5 s\u00e5 vis en ny livscykel. De s\u00e5ldes sedan, i huvudsak, till finska entrepren\u00f6rer och blev mycket popul\u00e4ra. Ett stort antal av dessa v\u00e4ghyvlar \u00e4r fortfarande i bruk.<\/p>\n<p><img loading=\"lazy\" decoding=\"async\" class=\"alignnone size-full wp-image-3821\" src=\"https:\/\/www.veekmas.fi\/wpc\/uploads\/2025\/06\/historia-3.jpg\" alt=\"\" width=\"1000\" height=\"533\" srcset=\"https:\/\/www.veekmas.fi\/wpc\/uploads\/2025\/06\/historia-3.jpg 1000w, https:\/\/www.veekmas.fi\/wpc\/uploads\/2025\/06\/historia-3-300x160.jpg 300w, https:\/\/www.veekmas.fi\/wpc\/uploads\/2025\/06\/historia-3-768x409.jpg 768w, https:\/\/www.veekmas.fi\/wpc\/uploads\/2025\/06\/historia-3-653x348.jpg 653w\" sizes=\"auto, (max-width: 1000px) 100vw, 1000px\" \/><\/p>\n<h2>Nya v\u00e4ghyvlar ers\u00e4tter renoveringar<\/h2>\n<p>Produktutvecklingen fortsatte och niv\u00e5n p\u00e5 f\u00f6r\u00e4dlingsv\u00e4rdet \u00f6kade tills slutligen endast ramen var kvar fr\u00e5n Nord-Verk-v\u00e4ghyveln. Den f\u00f6rsta helt nya Veekmas-v\u00e4ghyveln tillverkades 1993 och levererades till en gruva i Egypten. Fler och fler nya v\u00e4ghyvlar utrustade med en begagnad ram tillverkades. Vid den h\u00e4r tiden b\u00f6rjade Pirjo kontorsarbete i f\u00f6retaget eftersom det yngsta barnet b\u00f6rjade skolan. I b\u00f6rjan av 2000-talet fick renoveringar och hyvlar med begagnad ram l\u00e4mna plats f\u00f6r FG-v\u00e4ghyveln som var helt igenom nytillverkad.<\/p>\n<h2>Internationalisering och expansion<\/h2>\n<p>Flaggskeppet Veekmas FG 2327 S lanserades p\u00e5 marknaden 2000 och har d\u00e4refter varit den mest s\u00e5lda v\u00e4ghyveln i Finland. Den h\u00e4r tiden b\u00f6rjade Sanna, efter studier i handelsh\u00f6gskolan, och Jarno, efter studier i yskesskolan, arbeta heltid p\u00e5 f\u00f6retaget. Samtidigt b\u00f6rjade exporten \u00f6ka kraftigt. Veekmas FG 2327 S er\u00f6vrade speciellt den svenska marknaden och den lilla Veekmas FG 5 C s\u00e5ldes till gruvor i olika v\u00e4rldsdelar.<\/p>\n<p><img loading=\"lazy\" decoding=\"async\" class=\"alignnone size-full wp-image-3824\" src=\"https:\/\/www.veekmas.fi\/wpc\/uploads\/2025\/06\/historia-4.jpg\" alt=\"\" width=\"1000\" height=\"750\" srcset=\"https:\/\/www.veekmas.fi\/wpc\/uploads\/2025\/06\/historia-4.jpg 1000w, https:\/\/www.veekmas.fi\/wpc\/uploads\/2025\/06\/historia-4-300x225.jpg 300w, https:\/\/www.veekmas.fi\/wpc\/uploads\/2025\/06\/historia-4-768x576.jpg 768w, https:\/\/www.veekmas.fi\/wpc\/uploads\/2025\/06\/historia-4-600x450.jpg 600w, https:\/\/www.veekmas.fi\/wpc\/uploads\/2025\/06\/historia-4-653x490.jpg 653w\" sizes=\"auto, (max-width: 1000px) 100vw, 1000px\" \/><\/p>\n<h2>Familjen k\u00f6per aff\u00e4rsverksamhet av ett statligt bolag<\/h2>\n<p>Under 2000-talet hade Veekmas Oy en stark tillv\u00e4xt. F\u00f6retaget dubblade sin storlek i oktober 2007 genom att k\u00f6pa v\u00e4ghyvelverksamheten av sin konkurrent Patria Vammas Oy. Samtidigt startades ett dotterbolag i Sverige, Veekmas Svenska AB, som k\u00f6pte Patria Vammas AB\u2019s v\u00e4ghyvelverksamhet i Uddevalla. D\u00e4rmed blev Veekmas Oy Nordens enda v\u00e4ghyveltillverkare. F\u00f6retaget \u00e4ger nu r\u00e4ttigheter f\u00f6r v\u00e4ghyvelvarum\u00e4rkena Lokomo, L\u00e4nnen, Nordverk, Mattsson, Vammas och Veekmas.<\/p>\n<h2>Enmansf\u00f6retaget har v\u00e4xt till en internationell f\u00f6retagsgrupp<\/h2>\n<p>Under 2008 slog Veekmas Oy f\u00f6rs\u00e4ljningsrekord n\u00e4r 26 v\u00e4ghyvlar s\u00e5ldes till olika delar av v\u00e4rlden och nettof\u00f6rs\u00e4ljningen uppgick till 10 miljoner euro vilket var en \u00f6kning med n\u00e4stan 100 % j\u00e4mf\u00f6rt med \u00e5ret innan. Den l\u00e5gkonjunktur som b\u00f6rjade under andra halvan av 2008 p\u00e5verkade f\u00f6retagets aff\u00e4rsverksamhet men under den tiden utvecklade f\u00f6retaget sina produkter ytterligare och byggde dessutom nya fabrikslokaler. Idag har f\u00f6retaget ut\u00f6kat sin exportf\u00f6rs\u00e4ljning och levererar produkter till fem kontinenter.<\/p>\n<blockquote><p><em>Den lille pojkens intresse f\u00f6r maskiner b\u00f6rjade f\u00f6r l\u00e4nge sedan och har \u00e4nnu inte upph\u00f6rt. Intresset har i praktiken utvecklats till en \u00f6nskan om att tillverka v\u00e4rldens b\u00e4sta v\u00e4ghyvlar.<\/em><\/p><\/blockquote>\n","protected":false},"excerpt":{"rendered":"<p>En liten pojkes intresse av maskiner Esa Halttunen f\u00f6ddes i Kitee och v\u00e4xte upp i en lantbrukarfamilj. Esas intresse f\u00f6r maskiner b\u00f6rjade redan i tidig&#8230;<\/p>\n","protected":false},"author":1,"featured_media":0,"parent":4547,"menu_order":0,"comment_status":"closed","ping_status":"closed","template":"page-templates\/lander.php","meta":{"footnotes":""},"class_list":["post-4560","page","type-page","status-publish","hentry"],"yoast_head":"<!-- This site is optimized with the Yoast SEO plugin v27.4 - https:\/\/yoast.com\/product\/yoast-seo-wordpress\/ -->\n<title>Historien - Veekmas<\/title>\n<meta name=\"robots\" content=\"index, follow, max-snippet:-1, max-image-preview:large, max-video-preview:-1\" \/>\n<link rel=\"canonical\" href=\"https:\/\/www.veekmas.fi\/sv\/foretag\/historien\/\" \/>\n<meta property=\"og:locale\" content=\"sv_SE\" \/>\n<meta property=\"og:type\" content=\"article\" \/>\n<meta property=\"og:title\" content=\"Historien - Veekmas\" \/>\n<meta property=\"og:description\" content=\"En liten pojkes intresse av maskiner Esa Halttunen f\u00f6ddes i Kitee och v\u00e4xte upp i en lantbrukarfamilj. Esas intresse f\u00f6r maskiner b\u00f6rjade redan i tidig...\" \/>\n<meta property=\"og:url\" content=\"https:\/\/www.veekmas.fi\/sv\/foretag\/historien\/\" \/>\n<meta property=\"og:site_name\" content=\"Veekmas\" \/>\n<meta property=\"article:publisher\" content=\"https:\/\/www.facebook.com\/Veekmas-106071847887476\" \/>\n<meta property=\"article:modified_time\" content=\"2025-07-30T11:36:33+00:00\" \/>\n<meta property=\"og:image\" content=\"https:\/\/www.veekmas.fi\/wpc\/uploads\/2025\/06\/historia-1.jpg\" \/>\n\t<meta property=\"og:image:width\" content=\"250\" \/>\n\t<meta property=\"og:image:height\" content=\"382\" \/>\n\t<meta property=\"og:image:type\" content=\"image\/jpeg\" \/>\n<meta name=\"twitter:card\" content=\"summary_large_image\" \/>\n<meta name=\"twitter:label1\" content=\"Est. reading time\" \/>\n\t<meta name=\"twitter:data1\" content=\"5 minutes\" \/>\n<script type=\"application\/ld+json\" class=\"yoast-schema-graph\">{\"@context\":\"https:\\\/\\\/schema.org\",\"@graph\":[{\"@type\":\"WebPage\",\"@id\":\"https:\\\/\\\/www.veekmas.fi\\\/sv\\\/foretag\\\/historien\\\/\",\"url\":\"https:\\\/\\\/www.veekmas.fi\\\/sv\\\/foretag\\\/historien\\\/\",\"name\":\"Historien - Veekmas\",\"isPartOf\":{\"@id\":\"https:\\\/\\\/www.veekmas.fi\\\/sv\\\/#website\"},\"primaryImageOfPage\":{\"@id\":\"https:\\\/\\\/www.veekmas.fi\\\/sv\\\/foretag\\\/historien\\\/#primaryimage\"},\"image\":{\"@id\":\"https:\\\/\\\/www.veekmas.fi\\\/sv\\\/foretag\\\/historien\\\/#primaryimage\"},\"thumbnailUrl\":\"https:\\\/\\\/www.veekmas.fi\\\/wpc\\\/uploads\\\/2025\\\/06\\\/historia-1.jpg\",\"datePublished\":\"2025-06-27T08:05:18+00:00\",\"dateModified\":\"2025-07-30T11:36:33+00:00\",\"breadcrumb\":{\"@id\":\"https:\\\/\\\/www.veekmas.fi\\\/sv\\\/foretag\\\/historien\\\/#breadcrumb\"},\"inLanguage\":\"sv-SE\",\"potentialAction\":[{\"@type\":\"ReadAction\",\"target\":[\"https:\\\/\\\/www.veekmas.fi\\\/sv\\\/foretag\\\/historien\\\/\"]}]},{\"@type\":\"ImageObject\",\"inLanguage\":\"sv-SE\",\"@id\":\"https:\\\/\\\/www.veekmas.fi\\\/sv\\\/foretag\\\/historien\\\/#primaryimage\",\"url\":\"https:\\\/\\\/www.veekmas.fi\\\/wpc\\\/uploads\\\/2025\\\/06\\\/historia-1.jpg\",\"contentUrl\":\"https:\\\/\\\/www.veekmas.fi\\\/wpc\\\/uploads\\\/2025\\\/06\\\/historia-1.jpg\"},{\"@type\":\"BreadcrumbList\",\"@id\":\"https:\\\/\\\/www.veekmas.fi\\\/sv\\\/foretag\\\/historien\\\/#breadcrumb\",\"itemListElement\":[{\"@type\":\"ListItem\",\"position\":1,\"name\":\"Etusivu\",\"item\":\"https:\\\/\\\/www.veekmas.fi\\\/sv\\\/\"},{\"@type\":\"ListItem\",\"position\":2,\"name\":\"F\u00f6retag\",\"item\":\"https:\\\/\\\/www.veekmas.fi\\\/sv\\\/yritys\\\/\"},{\"@type\":\"ListItem\",\"position\":3,\"name\":\"Historien\"}]},{\"@type\":\"WebSite\",\"@id\":\"https:\\\/\\\/www.veekmas.fi\\\/sv\\\/#website\",\"url\":\"https:\\\/\\\/www.veekmas.fi\\\/sv\\\/\",\"name\":\"Veekmas\",\"description\":\"Pohjoismaiden ainoa tieh\u00f6ylien valmistaja ja tieh\u00f6yl\u00e4teknologian edell\u00e4k\u00e4vij\u00e4\",\"publisher\":{\"@id\":\"https:\\\/\\\/www.veekmas.fi\\\/sv\\\/#organization\"},\"potentialAction\":[{\"@type\":\"SearchAction\",\"target\":{\"@type\":\"EntryPoint\",\"urlTemplate\":\"https:\\\/\\\/www.veekmas.fi\\\/sv\\\/?s={search_term_string}\"},\"query-input\":{\"@type\":\"PropertyValueSpecification\",\"valueRequired\":true,\"valueName\":\"search_term_string\"}}],\"inLanguage\":\"sv-SE\"},{\"@type\":\"Organization\",\"@id\":\"https:\\\/\\\/www.veekmas.fi\\\/sv\\\/#organization\",\"name\":\"Veekmas\",\"url\":\"https:\\\/\\\/www.veekmas.fi\\\/sv\\\/\",\"logo\":{\"@type\":\"ImageObject\",\"inLanguage\":\"sv-SE\",\"@id\":\"https:\\\/\\\/www.veekmas.fi\\\/sv\\\/#\\\/schema\\\/logo\\\/image\\\/\",\"url\":\"https:\\\/\\\/www.veekmas.fi\\\/wpc\\\/uploads\\\/2026\\\/03\\\/Veekmas-some-profiilikuva-800x800px-2025-07.png\",\"contentUrl\":\"https:\\\/\\\/www.veekmas.fi\\\/wpc\\\/uploads\\\/2026\\\/03\\\/Veekmas-some-profiilikuva-800x800px-2025-07.png\",\"width\":512,\"height\":512,\"caption\":\"Veekmas\"},\"image\":{\"@id\":\"https:\\\/\\\/www.veekmas.fi\\\/sv\\\/#\\\/schema\\\/logo\\\/image\\\/\"},\"sameAs\":[\"https:\\\/\\\/www.facebook.com\\\/Veekmas-106071847887476\",\"https:\\\/\\\/www.youtube.com\\\/user\\\/VeekmasOy\"]}]}<\/script>\n<!-- \/ Yoast SEO plugin. -->","yoast_head_json":{"title":"Historien - Veekmas","robots":{"index":"index","follow":"follow","max-snippet":"max-snippet:-1","max-image-preview":"max-image-preview:large","max-video-preview":"max-video-preview:-1"},"canonical":"https:\/\/www.veekmas.fi\/sv\/foretag\/historien\/","og_locale":"sv_SE","og_type":"article","og_title":"Historien - Veekmas","og_description":"En liten pojkes intresse av maskiner Esa Halttunen f\u00f6ddes i Kitee och v\u00e4xte upp i en lantbrukarfamilj. Esas intresse f\u00f6r maskiner b\u00f6rjade redan i tidig...","og_url":"https:\/\/www.veekmas.fi\/sv\/foretag\/historien\/","og_site_name":"Veekmas","article_publisher":"https:\/\/www.facebook.com\/Veekmas-106071847887476","article_modified_time":"2025-07-30T11:36:33+00:00","og_image":[{"width":250,"height":382,"url":"https:\/\/www.veekmas.fi\/wpc\/uploads\/2025\/06\/historia-1.jpg","type":"image\/jpeg"}],"twitter_card":"summary_large_image","twitter_misc":{"Est. reading time":"5 minutes"},"schema":{"@context":"https:\/\/schema.org","@graph":[{"@type":"WebPage","@id":"https:\/\/www.veekmas.fi\/sv\/foretag\/historien\/","url":"https:\/\/www.veekmas.fi\/sv\/foretag\/historien\/","name":"Historien - Veekmas","isPartOf":{"@id":"https:\/\/www.veekmas.fi\/sv\/#website"},"primaryImageOfPage":{"@id":"https:\/\/www.veekmas.fi\/sv\/foretag\/historien\/#primaryimage"},"image":{"@id":"https:\/\/www.veekmas.fi\/sv\/foretag\/historien\/#primaryimage"},"thumbnailUrl":"https:\/\/www.veekmas.fi\/wpc\/uploads\/2025\/06\/historia-1.jpg","datePublished":"2025-06-27T08:05:18+00:00","dateModified":"2025-07-30T11:36:33+00:00","breadcrumb":{"@id":"https:\/\/www.veekmas.fi\/sv\/foretag\/historien\/#breadcrumb"},"inLanguage":"sv-SE","potentialAction":[{"@type":"ReadAction","target":["https:\/\/www.veekmas.fi\/sv\/foretag\/historien\/"]}]},{"@type":"ImageObject","inLanguage":"sv-SE","@id":"https:\/\/www.veekmas.fi\/sv\/foretag\/historien\/#primaryimage","url":"https:\/\/www.veekmas.fi\/wpc\/uploads\/2025\/06\/historia-1.jpg","contentUrl":"https:\/\/www.veekmas.fi\/wpc\/uploads\/2025\/06\/historia-1.jpg"},{"@type":"BreadcrumbList","@id":"https:\/\/www.veekmas.fi\/sv\/foretag\/historien\/#breadcrumb","itemListElement":[{"@type":"ListItem","position":1,"name":"Etusivu","item":"https:\/\/www.veekmas.fi\/sv\/"},{"@type":"ListItem","position":2,"name":"F\u00f6retag","item":"https:\/\/www.veekmas.fi\/sv\/yritys\/"},{"@type":"ListItem","position":3,"name":"Historien"}]},{"@type":"WebSite","@id":"https:\/\/www.veekmas.fi\/sv\/#website","url":"https:\/\/www.veekmas.fi\/sv\/","name":"Veekmas","description":"Pohjoismaiden ainoa tieh\u00f6ylien valmistaja ja tieh\u00f6yl\u00e4teknologian edell\u00e4k\u00e4vij\u00e4","publisher":{"@id":"https:\/\/www.veekmas.fi\/sv\/#organization"},"potentialAction":[{"@type":"SearchAction","target":{"@type":"EntryPoint","urlTemplate":"https:\/\/www.veekmas.fi\/sv\/?s={search_term_string}"},"query-input":{"@type":"PropertyValueSpecification","valueRequired":true,"valueName":"search_term_string"}}],"inLanguage":"sv-SE"},{"@type":"Organization","@id":"https:\/\/www.veekmas.fi\/sv\/#organization","name":"Veekmas","url":"https:\/\/www.veekmas.fi\/sv\/","logo":{"@type":"ImageObject","inLanguage":"sv-SE","@id":"https:\/\/www.veekmas.fi\/sv\/#\/schema\/logo\/image\/","url":"https:\/\/www.veekmas.fi\/wpc\/uploads\/2026\/03\/Veekmas-some-profiilikuva-800x800px-2025-07.png","contentUrl":"https:\/\/www.veekmas.fi\/wpc\/uploads\/2026\/03\/Veekmas-some-profiilikuva-800x800px-2025-07.png","width":512,"height":512,"caption":"Veekmas"},"image":{"@id":"https:\/\/www.veekmas.fi\/sv\/#\/schema\/logo\/image\/"},"sameAs":["https:\/\/www.facebook.com\/Veekmas-106071847887476","https:\/\/www.youtube.com\/user\/VeekmasOy"]}]}},"_links":{"self":[{"href":"https:\/\/www.veekmas.fi\/sv\/wp-json\/wp\/v2\/pages\/4560","targetHints":{"allow":["GET"]}}],"collection":[{"href":"https:\/\/www.veekmas.fi\/sv\/wp-json\/wp\/v2\/pages"}],"about":[{"href":"https:\/\/www.veekmas.fi\/sv\/wp-json\/wp\/v2\/types\/page"}],"author":[{"embeddable":true,"href":"https:\/\/www.veekmas.fi\/sv\/wp-json\/wp\/v2\/users\/1"}],"replies":[{"embeddable":true,"href":"https:\/\/www.veekmas.fi\/sv\/wp-json\/wp\/v2\/comments?post=4560"}],"version-history":[{"count":0,"href":"https:\/\/www.veekmas.fi\/sv\/wp-json\/wp\/v2\/pages\/4560\/revisions"}],"up":[{"embeddable":true,"href":"https:\/\/www.veekmas.fi\/sv\/wp-json\/wp\/v2\/pages\/4547"}],"wp:attachment":[{"href":"https:\/\/www.veekmas.fi\/sv\/wp-json\/wp\/v2\/media?parent=4560"}],"curies":[{"name":"wp","href":"https:\/\/api.w.org\/{rel}","templated":true}]}}