{"id":4563,"date":"2025-06-27T11:13:00","date_gmt":"2025-06-27T08:13:00","guid":{"rendered":"https:\/\/www.veekmas.fi\/company\/toimitilat\/"},"modified":"2025-07-30T14:40:23","modified_gmt":"2025-07-30T11:40:23","slug":"premises","status":"publish","type":"page","link":"https:\/\/www.veekmas.fi\/en\/company\/premises\/","title":{"rendered":"Premises"},"content":{"rendered":"<h1>Own premises in Kitee, Sastamala and B\u00e5lsta<\/h1>\n<p><img loading=\"lazy\" decoding=\"async\" class=\"alignnone size-full wp-image-3833\" src=\"https:\/\/www.veekmas.fi\/wpc\/uploads\/2025\/06\/toimitilat-1-2.jpg\" alt=\"\" width=\"1000\" height=\"554\" srcset=\"https:\/\/www.veekmas.fi\/wpc\/uploads\/2025\/06\/toimitilat-1-2.jpg 1000w, https:\/\/www.veekmas.fi\/wpc\/uploads\/2025\/06\/toimitilat-1-2-300x166.jpg 300w, https:\/\/www.veekmas.fi\/wpc\/uploads\/2025\/06\/toimitilat-1-2-768x425.jpg 768w, https:\/\/www.veekmas.fi\/wpc\/uploads\/2025\/06\/toimitilat-1-2-653x362.jpg 653w\" sizes=\"auto, (max-width: 1000px) 100vw, 1000px\" \/><\/p>\n<p><em>Premises in Tolosenm\u00e4ki, Kitee<\/em><\/p>\n<p>Veekmas Ltd\u2019s premises have been enlarged frequently as the business has grown. The company has own premises of more than 10,000 m2 in Tolosenm\u00e4ki, Kitee, in the immediate vicinity of the railway station and main road 6. Furthermore, the company has an engineering department and an outrented assembly hall of ca. 600 m2 close to Sastamala (ex Vammala) centrum.<\/p>\n<p>Veekmas Ltd\u2019s subsidiary, Veekmas AB, is located in Uddevalla, Sweden.<\/p>\n<h2>Main place of business in Tolosenm\u00e4ki, Kitee<\/h2>\n<p><img loading=\"lazy\" decoding=\"async\" class=\"alignnone size-full wp-image-3836\" src=\"https:\/\/www.veekmas.fi\/wpc\/uploads\/2025\/06\/toimitilat-2-2.jpg\" alt=\"\" width=\"1000\" height=\"437\" srcset=\"https:\/\/www.veekmas.fi\/wpc\/uploads\/2025\/06\/toimitilat-2-2.jpg 1000w, https:\/\/www.veekmas.fi\/wpc\/uploads\/2025\/06\/toimitilat-2-2-300x131.jpg 300w, https:\/\/www.veekmas.fi\/wpc\/uploads\/2025\/06\/toimitilat-2-2-768x336.jpg 768w, https:\/\/www.veekmas.fi\/wpc\/uploads\/2025\/06\/toimitilat-2-2-653x285.jpg 653w\" sizes=\"auto, (max-width: 1000px) 100vw, 1000px\" \/><\/p>\n<p>Assembly hall and offices in Kitee<\/p>\n<p><img loading=\"lazy\" decoding=\"async\" class=\"alignnone size-full wp-image-3839\" src=\"https:\/\/www.veekmas.fi\/wpc\/uploads\/2025\/06\/toimitilat-3-2.jpg\" alt=\"\" width=\"1000\" height=\"410\" srcset=\"https:\/\/www.veekmas.fi\/wpc\/uploads\/2025\/06\/toimitilat-3-2.jpg 1000w, https:\/\/www.veekmas.fi\/wpc\/uploads\/2025\/06\/toimitilat-3-2-300x123.jpg 300w, https:\/\/www.veekmas.fi\/wpc\/uploads\/2025\/06\/toimitilat-3-2-768x315.jpg 768w, https:\/\/www.veekmas.fi\/wpc\/uploads\/2025\/06\/toimitilat-3-2-653x268.jpg 653w\" sizes=\"auto, (max-width: 1000px) 100vw, 1000px\" \/><\/p>\n<p>Karelia meeting room and storage hall as well as new assembly hall and offices in Kitee<\/p>\n<p><img loading=\"lazy\" decoding=\"async\" class=\"alignnone size-full wp-image-3842\" src=\"https:\/\/www.veekmas.fi\/wpc\/uploads\/2025\/06\/toimitilat-4-2.jpg\" alt=\"\" width=\"1000\" height=\"403\" srcset=\"https:\/\/www.veekmas.fi\/wpc\/uploads\/2025\/06\/toimitilat-4-2.jpg 1000w, https:\/\/www.veekmas.fi\/wpc\/uploads\/2025\/06\/toimitilat-4-2-300x121.jpg 300w, https:\/\/www.veekmas.fi\/wpc\/uploads\/2025\/06\/toimitilat-4-2-768x310.jpg 768w, https:\/\/www.veekmas.fi\/wpc\/uploads\/2025\/06\/toimitilat-4-2-653x263.jpg 653w\" sizes=\"auto, (max-width: 1000px) 100vw, 1000px\" \/><\/p>\n<p>Karelia assembly hall in Kitee<\/p>\n<p><img loading=\"lazy\" decoding=\"async\" class=\"alignnone size-full wp-image-3845\" src=\"https:\/\/www.veekmas.fi\/wpc\/uploads\/2025\/06\/toimitilat-5-2.jpg\" alt=\"\" width=\"1000\" height=\"430\" srcset=\"https:\/\/www.veekmas.fi\/wpc\/uploads\/2025\/06\/toimitilat-5-2.jpg 1000w, https:\/\/www.veekmas.fi\/wpc\/uploads\/2025\/06\/toimitilat-5-2-300x129.jpg 300w, https:\/\/www.veekmas.fi\/wpc\/uploads\/2025\/06\/toimitilat-5-2-768x330.jpg 768w, https:\/\/www.veekmas.fi\/wpc\/uploads\/2025\/06\/toimitilat-5-2-653x281.jpg 653w\" sizes=\"auto, (max-width: 1000px) 100vw, 1000px\" \/><\/p>\n<p>Steel components storage hall in Kitee<\/p>\n<p><img loading=\"lazy\" decoding=\"async\" class=\"alignnone size-full wp-image-3848\" src=\"https:\/\/www.veekmas.fi\/wpc\/uploads\/2025\/06\/toimitilat-6-2.jpg\" alt=\"\" width=\"1000\" height=\"533\" srcset=\"https:\/\/www.veekmas.fi\/wpc\/uploads\/2025\/06\/toimitilat-6-2.jpg 1000w, https:\/\/www.veekmas.fi\/wpc\/uploads\/2025\/06\/toimitilat-6-2-300x160.jpg 300w, https:\/\/www.veekmas.fi\/wpc\/uploads\/2025\/06\/toimitilat-6-2-768x409.jpg 768w, https:\/\/www.veekmas.fi\/wpc\/uploads\/2025\/06\/toimitilat-6-2-653x348.jpg 653w\" sizes=\"auto, (max-width: 1000px) 100vw, 1000px\" \/><\/p>\n<p>Paintshop and storage hall in Kitee<\/p>\n<p><img loading=\"lazy\" decoding=\"async\" class=\"alignnone size-full wp-image-3851\" src=\"https:\/\/www.veekmas.fi\/wpc\/uploads\/2025\/06\/toimitilat-7-2.jpg\" alt=\"\" width=\"1000\" height=\"533\" srcset=\"https:\/\/www.veekmas.fi\/wpc\/uploads\/2025\/06\/toimitilat-7-2.jpg 1000w, https:\/\/www.veekmas.fi\/wpc\/uploads\/2025\/06\/toimitilat-7-2-300x160.jpg 300w, https:\/\/www.veekmas.fi\/wpc\/uploads\/2025\/06\/toimitilat-7-2-768x409.jpg 768w, https:\/\/www.veekmas.fi\/wpc\/uploads\/2025\/06\/toimitilat-7-2-653x348.jpg 653w\" sizes=\"auto, (max-width: 1000px) 100vw, 1000px\" \/><\/p>\n<p>Washing facilities and storage hall in Kitee<\/p>\n<p><img loading=\"lazy\" decoding=\"async\" class=\"alignnone size-full wp-image-3854\" src=\"https:\/\/www.veekmas.fi\/wpc\/uploads\/2025\/06\/toimitilat-8-2.jpg\" alt=\"\" width=\"1000\" height=\"533\" srcset=\"https:\/\/www.veekmas.fi\/wpc\/uploads\/2025\/06\/toimitilat-8-2.jpg 1000w, https:\/\/www.veekmas.fi\/wpc\/uploads\/2025\/06\/toimitilat-8-2-300x160.jpg 300w, https:\/\/www.veekmas.fi\/wpc\/uploads\/2025\/06\/toimitilat-8-2-768x409.jpg 768w, https:\/\/www.veekmas.fi\/wpc\/uploads\/2025\/06\/toimitilat-8-2-653x348.jpg 653w\" sizes=\"auto, (max-width: 1000px) 100vw, 1000px\" \/><\/p>\n<p>Storage hall in Kitee<\/p>\n<p><img loading=\"lazy\" decoding=\"async\" class=\"alignnone size-full wp-image-3857\" src=\"https:\/\/www.veekmas.fi\/wpc\/uploads\/2025\/06\/toimitilat-9-2.jpg\" alt=\"\" width=\"1000\" height=\"533\" srcset=\"https:\/\/www.veekmas.fi\/wpc\/uploads\/2025\/06\/toimitilat-9-2.jpg 1000w, https:\/\/www.veekmas.fi\/wpc\/uploads\/2025\/06\/toimitilat-9-2-300x160.jpg 300w, https:\/\/www.veekmas.fi\/wpc\/uploads\/2025\/06\/toimitilat-9-2-768x409.jpg 768w, https:\/\/www.veekmas.fi\/wpc\/uploads\/2025\/06\/toimitilat-9-2-653x348.jpg 653w\" sizes=\"auto, (max-width: 1000px) 100vw, 1000px\" \/><\/p>\n<p>Sand plasting hall in Kitee<\/p>\n<p><img loading=\"lazy\" decoding=\"async\" class=\"alignnone size-full wp-image-3860\" src=\"https:\/\/www.veekmas.fi\/wpc\/uploads\/2025\/06\/toimitilat-10-2.jpg\" alt=\"\" width=\"479\" height=\"532\" srcset=\"https:\/\/www.veekmas.fi\/wpc\/uploads\/2025\/06\/toimitilat-10-2.jpg 479w, https:\/\/www.veekmas.fi\/wpc\/uploads\/2025\/06\/toimitilat-10-2-270x300.jpg 270w\" sizes=\"auto, (max-width: 479px) 100vw, 479px\" \/><\/p>\n<p>Own heating station and wooden chips storage in Kitee<\/p>\n<p><img loading=\"lazy\" decoding=\"async\" class=\"alignnone size-full wp-image-3863\" src=\"https:\/\/www.veekmas.fi\/wpc\/uploads\/2025\/06\/toimitilat-11-1.jpg\" alt=\"\" width=\"1000\" height=\"750\" srcset=\"https:\/\/www.veekmas.fi\/wpc\/uploads\/2025\/06\/toimitilat-11-1.jpg 1000w, https:\/\/www.veekmas.fi\/wpc\/uploads\/2025\/06\/toimitilat-11-1-300x225.jpg 300w, https:\/\/www.veekmas.fi\/wpc\/uploads\/2025\/06\/toimitilat-11-1-768x576.jpg 768w, https:\/\/www.veekmas.fi\/wpc\/uploads\/2025\/06\/toimitilat-11-1-600x450.jpg 600w, https:\/\/www.veekmas.fi\/wpc\/uploads\/2025\/06\/toimitilat-11-1-653x490.jpg 653w\" sizes=\"auto, (max-width: 1000px) 100vw, 1000px\" \/><\/p>\n<p>Karelia meeting room in Kitee<\/p>\n<p><img loading=\"lazy\" decoding=\"async\" class=\"alignnone size-full wp-image-3866\" src=\"https:\/\/www.veekmas.fi\/wpc\/uploads\/2025\/06\/toimitilat-12-2.jpg\" alt=\"\" width=\"1000\" height=\"750\" srcset=\"https:\/\/www.veekmas.fi\/wpc\/uploads\/2025\/06\/toimitilat-12-2.jpg 1000w, https:\/\/www.veekmas.fi\/wpc\/uploads\/2025\/06\/toimitilat-12-2-300x225.jpg 300w, https:\/\/www.veekmas.fi\/wpc\/uploads\/2025\/06\/toimitilat-12-2-768x576.jpg 768w, https:\/\/www.veekmas.fi\/wpc\/uploads\/2025\/06\/toimitilat-12-2-600x450.jpg 600w, https:\/\/www.veekmas.fi\/wpc\/uploads\/2025\/06\/toimitilat-12-2-653x490.jpg 653w\" sizes=\"auto, (max-width: 1000px) 100vw, 1000px\" \/><\/p>\n<p>There are also a pool table and a piano in Karelia meeting room<\/p>\n<h2>Premises in Sastamala<\/h2>\n<p>The premises in Sastamala are located in Harjukatu 3.<\/p>\n<p><img loading=\"lazy\" decoding=\"async\" class=\"alignnone size-full wp-image-3869\" src=\"https:\/\/www.veekmas.fi\/wpc\/uploads\/2025\/06\/toimitilat-13-2.jpg\" alt=\"\" width=\"550\" height=\"293\" srcset=\"https:\/\/www.veekmas.fi\/wpc\/uploads\/2025\/06\/toimitilat-13-2.jpg 550w, https:\/\/www.veekmas.fi\/wpc\/uploads\/2025\/06\/toimitilat-13-2-300x160.jpg 300w\" sizes=\"auto, (max-width: 550px) 100vw, 550px\" \/><\/p>\n<p>An engineering department and a subletted hall in Sastamala<\/p>\n<h2>Veekmas Svenska AB\u2019s premises<\/h2>\n<p>Veekmas Svenska AB\u2019s premises in B\u00e5lsta are located in Spjutv\u00e4gen 34.<\/p>\n<p><img loading=\"lazy\" decoding=\"async\" class=\"alignnone size-full wp-image-3830\" src=\"https:\/\/www.veekmas.fi\/wpc\/uploads\/2025\/06\/Balsta-toimitila-576x1024-1.jpg\" alt=\"\" width=\"576\" height=\"1024\" srcset=\"https:\/\/www.veekmas.fi\/wpc\/uploads\/2025\/06\/Balsta-toimitila-576x1024-1.jpg 576w, https:\/\/www.veekmas.fi\/wpc\/uploads\/2025\/06\/Balsta-toimitila-576x1024-1-169x300.jpg 169w\" sizes=\"auto, (max-width: 576px) 100vw, 576px\" \/><\/p>\n<p>Veekmas Svenska AB has a comprehensive spare parts storage in B\u00e5lsta<\/p>\n<p><img loading=\"lazy\" decoding=\"async\" class=\"alignnone size-full wp-image-3872\" src=\"https:\/\/www.veekmas.fi\/wpc\/uploads\/2025\/06\/toimitilat-15-2.jpg\" alt=\"\" width=\"1000\" height=\"750\" srcset=\"https:\/\/www.veekmas.fi\/wpc\/uploads\/2025\/06\/toimitilat-15-2.jpg 1000w, https:\/\/www.veekmas.fi\/wpc\/uploads\/2025\/06\/toimitilat-15-2-300x225.jpg 300w, https:\/\/www.veekmas.fi\/wpc\/uploads\/2025\/06\/toimitilat-15-2-768x576.jpg 768w, https:\/\/www.veekmas.fi\/wpc\/uploads\/2025\/06\/toimitilat-15-2-600x450.jpg 600w, https:\/\/www.veekmas.fi\/wpc\/uploads\/2025\/06\/toimitilat-15-2-653x490.jpg 653w\" sizes=\"auto, (max-width: 1000px) 100vw, 1000px\" \/><\/p>\n<p>Veekmas Svenska AB has spare parts storage and offices in B\u00e5lsta<\/p>\n","protected":false},"excerpt":{"rendered":"<p>Own premises in Kitee, Sastamala and B\u00e5lsta Premises in Tolosenm\u00e4ki, Kitee Veekmas Ltd\u2019s premises have been enlarged frequently as the business has grown. The company&#8230;<\/p>\n","protected":false},"author":1,"featured_media":0,"parent":4548,"menu_order":0,"comment_status":"closed","ping_status":"closed","template":"page-templates\/lander.php","meta":{"footnotes":""},"class_list":["post-4563","page","type-page","status-publish","hentry"],"yoast_head":"<!-- This site is optimized with the Yoast SEO plugin v27.2 - https:\/\/yoast.com\/product\/yoast-seo-wordpress\/ -->\n<title>Premises - Veekmas<\/title>\n<meta name=\"robots\" content=\"index, follow, max-snippet:-1, max-image-preview:large, max-video-preview:-1\" \/>\n<link rel=\"canonical\" href=\"https:\/\/www.veekmas.fi\/en\/company\/premises\/\" \/>\n<meta property=\"og:locale\" content=\"en_US\" \/>\n<meta property=\"og:type\" content=\"article\" \/>\n<meta property=\"og:title\" content=\"Premises - Veekmas\" \/>\n<meta property=\"og:description\" content=\"Own premises in Kitee, Sastamala and B\u00e5lsta Premises in Tolosenm\u00e4ki, Kitee Veekmas Ltd\u2019s premises have been enlarged frequently as the business has grown. The company...\" \/>\n<meta property=\"og:url\" content=\"https:\/\/www.veekmas.fi\/en\/company\/premises\/\" \/>\n<meta property=\"og:site_name\" content=\"Veekmas\" \/>\n<meta property=\"article:publisher\" content=\"https:\/\/www.facebook.com\/Veekmas-106071847887476\" \/>\n<meta property=\"article:modified_time\" content=\"2025-07-30T11:40:23+00:00\" \/>\n<meta property=\"og:image\" content=\"https:\/\/www.veekmas.fi\/wpc\/uploads\/2025\/06\/toimitilat-1-2.jpg\" \/>\n\t<meta property=\"og:image:width\" content=\"1000\" \/>\n\t<meta property=\"og:image:height\" content=\"554\" \/>\n\t<meta property=\"og:image:type\" content=\"image\/jpeg\" \/>\n<meta name=\"twitter:card\" content=\"summary_large_image\" \/>\n<meta name=\"twitter:label1\" content=\"Est. reading time\" \/>\n\t<meta name=\"twitter:data1\" content=\"5 minutes\" \/>\n<script type=\"application\/ld+json\" class=\"yoast-schema-graph\">{\"@context\":\"https:\/\/schema.org\",\"@graph\":[{\"@type\":\"WebPage\",\"@id\":\"https:\/\/www.veekmas.fi\/en\/company\/premises\/\",\"url\":\"https:\/\/www.veekmas.fi\/en\/company\/premises\/\",\"name\":\"Premises - Veekmas\",\"isPartOf\":{\"@id\":\"https:\/\/www.veekmas.fi\/en\/#website\"},\"primaryImageOfPage\":{\"@id\":\"https:\/\/www.veekmas.fi\/en\/company\/premises\/#primaryimage\"},\"image\":{\"@id\":\"https:\/\/www.veekmas.fi\/en\/company\/premises\/#primaryimage\"},\"thumbnailUrl\":\"https:\/\/www.veekmas.fi\/wpc\/uploads\/2025\/06\/toimitilat-1-2.jpg\",\"datePublished\":\"2025-06-27T08:13:00+00:00\",\"dateModified\":\"2025-07-30T11:40:23+00:00\",\"breadcrumb\":{\"@id\":\"https:\/\/www.veekmas.fi\/en\/company\/premises\/#breadcrumb\"},\"inLanguage\":\"en-US\",\"potentialAction\":[{\"@type\":\"ReadAction\",\"target\":[\"https:\/\/www.veekmas.fi\/en\/company\/premises\/\"]}]},{\"@type\":\"ImageObject\",\"inLanguage\":\"en-US\",\"@id\":\"https:\/\/www.veekmas.fi\/en\/company\/premises\/#primaryimage\",\"url\":\"https:\/\/www.veekmas.fi\/wpc\/uploads\/2025\/06\/toimitilat-1-2.jpg\",\"contentUrl\":\"https:\/\/www.veekmas.fi\/wpc\/uploads\/2025\/06\/toimitilat-1-2.jpg\"},{\"@type\":\"BreadcrumbList\",\"@id\":\"https:\/\/www.veekmas.fi\/en\/company\/premises\/#breadcrumb\",\"itemListElement\":[{\"@type\":\"ListItem\",\"position\":1,\"name\":\"Etusivu\",\"item\":\"https:\/\/www.veekmas.fi\/en\/\"},{\"@type\":\"ListItem\",\"position\":2,\"name\":\"Company\",\"item\":\"https:\/\/www.veekmas.fi\/en\/yritys\/\"},{\"@type\":\"ListItem\",\"position\":3,\"name\":\"Premises\"}]},{\"@type\":\"WebSite\",\"@id\":\"https:\/\/www.veekmas.fi\/en\/#website\",\"url\":\"https:\/\/www.veekmas.fi\/en\/\",\"name\":\"Veekmas\",\"description\":\"Pohjoismaiden ainoa tieh\u00f6ylien valmistaja ja tieh\u00f6yl\u00e4teknologian edell\u00e4k\u00e4vij\u00e4\",\"publisher\":{\"@id\":\"https:\/\/www.veekmas.fi\/en\/#organization\"},\"potentialAction\":[{\"@type\":\"SearchAction\",\"target\":{\"@type\":\"EntryPoint\",\"urlTemplate\":\"https:\/\/www.veekmas.fi\/en\/?s={search_term_string}\"},\"query-input\":{\"@type\":\"PropertyValueSpecification\",\"valueRequired\":true,\"valueName\":\"search_term_string\"}}],\"inLanguage\":\"en-US\"},{\"@type\":\"Organization\",\"@id\":\"https:\/\/www.veekmas.fi\/en\/#organization\",\"name\":\"Veekmas\",\"url\":\"https:\/\/www.veekmas.fi\/en\/\",\"logo\":{\"@type\":\"ImageObject\",\"inLanguage\":\"en-US\",\"@id\":\"https:\/\/www.veekmas.fi\/en\/#\/schema\/logo\/image\/\",\"url\":\"https:\/\/www.veekmas.fi\/wpc\/uploads\/2026\/03\/Veekmas-some-profiilikuva-800x800px-2025-07.png\",\"contentUrl\":\"https:\/\/www.veekmas.fi\/wpc\/uploads\/2026\/03\/Veekmas-some-profiilikuva-800x800px-2025-07.png\",\"width\":512,\"height\":512,\"caption\":\"Veekmas\"},\"image\":{\"@id\":\"https:\/\/www.veekmas.fi\/en\/#\/schema\/logo\/image\/\"},\"sameAs\":[\"https:\/\/www.facebook.com\/Veekmas-106071847887476\",\"https:\/\/www.youtube.com\/user\/VeekmasOy\"]}]}<\/script>\n<!-- \/ Yoast SEO plugin. -->","yoast_head_json":{"title":"Premises - Veekmas","robots":{"index":"index","follow":"follow","max-snippet":"max-snippet:-1","max-image-preview":"max-image-preview:large","max-video-preview":"max-video-preview:-1"},"canonical":"https:\/\/www.veekmas.fi\/en\/company\/premises\/","og_locale":"en_US","og_type":"article","og_title":"Premises - Veekmas","og_description":"Own premises in Kitee, Sastamala and B\u00e5lsta Premises in Tolosenm\u00e4ki, Kitee Veekmas Ltd\u2019s premises have been enlarged frequently as the business has grown. The company...","og_url":"https:\/\/www.veekmas.fi\/en\/company\/premises\/","og_site_name":"Veekmas","article_publisher":"https:\/\/www.facebook.com\/Veekmas-106071847887476","article_modified_time":"2025-07-30T11:40:23+00:00","og_image":[{"width":1000,"height":554,"url":"https:\/\/www.veekmas.fi\/wpc\/uploads\/2025\/06\/toimitilat-1-2.jpg","type":"image\/jpeg"}],"twitter_card":"summary_large_image","twitter_misc":{"Est. reading time":"5 minutes"},"schema":{"@context":"https:\/\/schema.org","@graph":[{"@type":"WebPage","@id":"https:\/\/www.veekmas.fi\/en\/company\/premises\/","url":"https:\/\/www.veekmas.fi\/en\/company\/premises\/","name":"Premises - Veekmas","isPartOf":{"@id":"https:\/\/www.veekmas.fi\/en\/#website"},"primaryImageOfPage":{"@id":"https:\/\/www.veekmas.fi\/en\/company\/premises\/#primaryimage"},"image":{"@id":"https:\/\/www.veekmas.fi\/en\/company\/premises\/#primaryimage"},"thumbnailUrl":"https:\/\/www.veekmas.fi\/wpc\/uploads\/2025\/06\/toimitilat-1-2.jpg","datePublished":"2025-06-27T08:13:00+00:00","dateModified":"2025-07-30T11:40:23+00:00","breadcrumb":{"@id":"https:\/\/www.veekmas.fi\/en\/company\/premises\/#breadcrumb"},"inLanguage":"en-US","potentialAction":[{"@type":"ReadAction","target":["https:\/\/www.veekmas.fi\/en\/company\/premises\/"]}]},{"@type":"ImageObject","inLanguage":"en-US","@id":"https:\/\/www.veekmas.fi\/en\/company\/premises\/#primaryimage","url":"https:\/\/www.veekmas.fi\/wpc\/uploads\/2025\/06\/toimitilat-1-2.jpg","contentUrl":"https:\/\/www.veekmas.fi\/wpc\/uploads\/2025\/06\/toimitilat-1-2.jpg"},{"@type":"BreadcrumbList","@id":"https:\/\/www.veekmas.fi\/en\/company\/premises\/#breadcrumb","itemListElement":[{"@type":"ListItem","position":1,"name":"Etusivu","item":"https:\/\/www.veekmas.fi\/en\/"},{"@type":"ListItem","position":2,"name":"Company","item":"https:\/\/www.veekmas.fi\/en\/yritys\/"},{"@type":"ListItem","position":3,"name":"Premises"}]},{"@type":"WebSite","@id":"https:\/\/www.veekmas.fi\/en\/#website","url":"https:\/\/www.veekmas.fi\/en\/","name":"Veekmas","description":"Pohjoismaiden ainoa tieh\u00f6ylien valmistaja ja tieh\u00f6yl\u00e4teknologian edell\u00e4k\u00e4vij\u00e4","publisher":{"@id":"https:\/\/www.veekmas.fi\/en\/#organization"},"potentialAction":[{"@type":"SearchAction","target":{"@type":"EntryPoint","urlTemplate":"https:\/\/www.veekmas.fi\/en\/?s={search_term_string}"},"query-input":{"@type":"PropertyValueSpecification","valueRequired":true,"valueName":"search_term_string"}}],"inLanguage":"en-US"},{"@type":"Organization","@id":"https:\/\/www.veekmas.fi\/en\/#organization","name":"Veekmas","url":"https:\/\/www.veekmas.fi\/en\/","logo":{"@type":"ImageObject","inLanguage":"en-US","@id":"https:\/\/www.veekmas.fi\/en\/#\/schema\/logo\/image\/","url":"https:\/\/www.veekmas.fi\/wpc\/uploads\/2026\/03\/Veekmas-some-profiilikuva-800x800px-2025-07.png","contentUrl":"https:\/\/www.veekmas.fi\/wpc\/uploads\/2026\/03\/Veekmas-some-profiilikuva-800x800px-2025-07.png","width":512,"height":512,"caption":"Veekmas"},"image":{"@id":"https:\/\/www.veekmas.fi\/en\/#\/schema\/logo\/image\/"},"sameAs":["https:\/\/www.facebook.com\/Veekmas-106071847887476","https:\/\/www.youtube.com\/user\/VeekmasOy"]}]}},"_links":{"self":[{"href":"https:\/\/www.veekmas.fi\/en\/wp-json\/wp\/v2\/pages\/4563","targetHints":{"allow":["GET"]}}],"collection":[{"href":"https:\/\/www.veekmas.fi\/en\/wp-json\/wp\/v2\/pages"}],"about":[{"href":"https:\/\/www.veekmas.fi\/en\/wp-json\/wp\/v2\/types\/page"}],"author":[{"embeddable":true,"href":"https:\/\/www.veekmas.fi\/en\/wp-json\/wp\/v2\/users\/1"}],"replies":[{"embeddable":true,"href":"https:\/\/www.veekmas.fi\/en\/wp-json\/wp\/v2\/comments?post=4563"}],"version-history":[{"count":0,"href":"https:\/\/www.veekmas.fi\/en\/wp-json\/wp\/v2\/pages\/4563\/revisions"}],"up":[{"embeddable":true,"href":"https:\/\/www.veekmas.fi\/en\/wp-json\/wp\/v2\/pages\/4548"}],"wp:attachment":[{"href":"https:\/\/www.veekmas.fi\/en\/wp-json\/wp\/v2\/media?parent=4563"}],"curies":[{"name":"wp","href":"https:\/\/api.w.org\/{rel}","templated":true}]}}