{"id":4555,"date":"2025-05-05T14:50:53","date_gmt":"2025-05-05T11:50:53","guid":{"rendered":"https:\/\/www.veekmas.fi\/company\/perheyrittajyys\/"},"modified":"2025-07-30T11:55:04","modified_gmt":"2025-07-30T08:55:04","slug":"family-entrepreneurship","status":"publish","type":"page","link":"https:\/\/www.veekmas.fi\/en\/company\/family-entrepreneurship\/","title":{"rendered":"Family entrepreneurship"},"content":{"rendered":"","protected":false},"excerpt":{"rendered":"","protected":false},"author":1,"featured_media":0,"parent":4548,"menu_order":0,"comment_status":"closed","ping_status":"closed","template":"page-templates\/lander.php","meta":{"footnotes":""},"class_list":["post-4555","page","type-page","status-publish","hentry"],"yoast_head":"<!-- This site is optimized with the Yoast SEO plugin v27.2 - https:\/\/yoast.com\/product\/yoast-seo-wordpress\/ -->\n<title>Family entrepreneurship - Veekmas<\/title>\n<meta name=\"robots\" content=\"index, follow, max-snippet:-1, max-image-preview:large, max-video-preview:-1\" \/>\n<link rel=\"canonical\" href=\"https:\/\/www.veekmas.fi\/en\/company\/family-entrepreneurship\/\" \/>\n<meta property=\"og:locale\" content=\"en_US\" \/>\n<meta property=\"og:type\" content=\"article\" \/>\n<meta property=\"og:title\" content=\"Family entrepreneurship - Veekmas\" \/>\n<meta property=\"og:url\" content=\"https:\/\/www.veekmas.fi\/en\/company\/family-entrepreneurship\/\" \/>\n<meta property=\"og:site_name\" content=\"Veekmas\" \/>\n<meta property=\"article:publisher\" content=\"https:\/\/www.facebook.com\/Veekmas-106071847887476\" \/>\n<meta property=\"article:modified_time\" content=\"2025-07-30T08:55:04+00:00\" \/>\n<meta property=\"og:image\" content=\"https:\/\/www.veekmas.fi\/wpc\/uploads\/2026\/03\/Some-FB-1200x630px.jpg\" \/>\n\t<meta property=\"og:image:width\" content=\"1200\" \/>\n\t<meta property=\"og:image:height\" content=\"630\" \/>\n\t<meta property=\"og:image:type\" content=\"image\/jpeg\" \/>\n<meta name=\"twitter:card\" content=\"summary_large_image\" \/>\n<script type=\"application\/ld+json\" class=\"yoast-schema-graph\">{\"@context\":\"https:\/\/schema.org\",\"@graph\":[{\"@type\":\"WebPage\",\"@id\":\"https:\/\/www.veekmas.fi\/en\/company\/family-entrepreneurship\/\",\"url\":\"https:\/\/www.veekmas.fi\/en\/company\/family-entrepreneurship\/\",\"name\":\"Family entrepreneurship - Veekmas\",\"isPartOf\":{\"@id\":\"https:\/\/www.veekmas.fi\/en\/#website\"},\"datePublished\":\"2025-05-05T11:50:53+00:00\",\"dateModified\":\"2025-07-30T08:55:04+00:00\",\"breadcrumb\":{\"@id\":\"https:\/\/www.veekmas.fi\/en\/company\/family-entrepreneurship\/#breadcrumb\"},\"inLanguage\":\"en-US\",\"potentialAction\":[{\"@type\":\"ReadAction\",\"target\":[\"https:\/\/www.veekmas.fi\/en\/company\/family-entrepreneurship\/\"]}]},{\"@type\":\"BreadcrumbList\",\"@id\":\"https:\/\/www.veekmas.fi\/en\/company\/family-entrepreneurship\/#breadcrumb\",\"itemListElement\":[{\"@type\":\"ListItem\",\"position\":1,\"name\":\"Etusivu\",\"item\":\"https:\/\/www.veekmas.fi\/en\/\"},{\"@type\":\"ListItem\",\"position\":2,\"name\":\"Company\",\"item\":\"https:\/\/www.veekmas.fi\/en\/yritys\/\"},{\"@type\":\"ListItem\",\"position\":3,\"name\":\"Family entrepreneurship\"}]},{\"@type\":\"WebSite\",\"@id\":\"https:\/\/www.veekmas.fi\/en\/#website\",\"url\":\"https:\/\/www.veekmas.fi\/en\/\",\"name\":\"Veekmas\",\"description\":\"Pohjoismaiden ainoa tieh\u00f6ylien valmistaja ja tieh\u00f6yl\u00e4teknologian edell\u00e4k\u00e4vij\u00e4\",\"publisher\":{\"@id\":\"https:\/\/www.veekmas.fi\/en\/#organization\"},\"potentialAction\":[{\"@type\":\"SearchAction\",\"target\":{\"@type\":\"EntryPoint\",\"urlTemplate\":\"https:\/\/www.veekmas.fi\/en\/?s={search_term_string}\"},\"query-input\":{\"@type\":\"PropertyValueSpecification\",\"valueRequired\":true,\"valueName\":\"search_term_string\"}}],\"inLanguage\":\"en-US\"},{\"@type\":\"Organization\",\"@id\":\"https:\/\/www.veekmas.fi\/en\/#organization\",\"name\":\"Veekmas\",\"url\":\"https:\/\/www.veekmas.fi\/en\/\",\"logo\":{\"@type\":\"ImageObject\",\"inLanguage\":\"en-US\",\"@id\":\"https:\/\/www.veekmas.fi\/en\/#\/schema\/logo\/image\/\",\"url\":\"https:\/\/www.veekmas.fi\/wpc\/uploads\/2026\/03\/Veekmas-some-profiilikuva-800x800px-2025-07.png\",\"contentUrl\":\"https:\/\/www.veekmas.fi\/wpc\/uploads\/2026\/03\/Veekmas-some-profiilikuva-800x800px-2025-07.png\",\"width\":512,\"height\":512,\"caption\":\"Veekmas\"},\"image\":{\"@id\":\"https:\/\/www.veekmas.fi\/en\/#\/schema\/logo\/image\/\"},\"sameAs\":[\"https:\/\/www.facebook.com\/Veekmas-106071847887476\",\"https:\/\/www.youtube.com\/user\/VeekmasOy\"]}]}<\/script>\n<!-- \/ Yoast SEO plugin. -->","yoast_head_json":{"title":"Family entrepreneurship - Veekmas","robots":{"index":"index","follow":"follow","max-snippet":"max-snippet:-1","max-image-preview":"max-image-preview:large","max-video-preview":"max-video-preview:-1"},"canonical":"https:\/\/www.veekmas.fi\/en\/company\/family-entrepreneurship\/","og_locale":"en_US","og_type":"article","og_title":"Family entrepreneurship - Veekmas","og_url":"https:\/\/www.veekmas.fi\/en\/company\/family-entrepreneurship\/","og_site_name":"Veekmas","article_publisher":"https:\/\/www.facebook.com\/Veekmas-106071847887476","article_modified_time":"2025-07-30T08:55:04+00:00","og_image":[{"width":1200,"height":630,"url":"https:\/\/www.veekmas.fi\/wpc\/uploads\/2026\/03\/Some-FB-1200x630px.jpg","type":"image\/jpeg"}],"twitter_card":"summary_large_image","schema":{"@context":"https:\/\/schema.org","@graph":[{"@type":"WebPage","@id":"https:\/\/www.veekmas.fi\/en\/company\/family-entrepreneurship\/","url":"https:\/\/www.veekmas.fi\/en\/company\/family-entrepreneurship\/","name":"Family entrepreneurship - Veekmas","isPartOf":{"@id":"https:\/\/www.veekmas.fi\/en\/#website"},"datePublished":"2025-05-05T11:50:53+00:00","dateModified":"2025-07-30T08:55:04+00:00","breadcrumb":{"@id":"https:\/\/www.veekmas.fi\/en\/company\/family-entrepreneurship\/#breadcrumb"},"inLanguage":"en-US","potentialAction":[{"@type":"ReadAction","target":["https:\/\/www.veekmas.fi\/en\/company\/family-entrepreneurship\/"]}]},{"@type":"BreadcrumbList","@id":"https:\/\/www.veekmas.fi\/en\/company\/family-entrepreneurship\/#breadcrumb","itemListElement":[{"@type":"ListItem","position":1,"name":"Etusivu","item":"https:\/\/www.veekmas.fi\/en\/"},{"@type":"ListItem","position":2,"name":"Company","item":"https:\/\/www.veekmas.fi\/en\/yritys\/"},{"@type":"ListItem","position":3,"name":"Family entrepreneurship"}]},{"@type":"WebSite","@id":"https:\/\/www.veekmas.fi\/en\/#website","url":"https:\/\/www.veekmas.fi\/en\/","name":"Veekmas","description":"Pohjoismaiden ainoa tieh\u00f6ylien valmistaja ja tieh\u00f6yl\u00e4teknologian edell\u00e4k\u00e4vij\u00e4","publisher":{"@id":"https:\/\/www.veekmas.fi\/en\/#organization"},"potentialAction":[{"@type":"SearchAction","target":{"@type":"EntryPoint","urlTemplate":"https:\/\/www.veekmas.fi\/en\/?s={search_term_string}"},"query-input":{"@type":"PropertyValueSpecification","valueRequired":true,"valueName":"search_term_string"}}],"inLanguage":"en-US"},{"@type":"Organization","@id":"https:\/\/www.veekmas.fi\/en\/#organization","name":"Veekmas","url":"https:\/\/www.veekmas.fi\/en\/","logo":{"@type":"ImageObject","inLanguage":"en-US","@id":"https:\/\/www.veekmas.fi\/en\/#\/schema\/logo\/image\/","url":"https:\/\/www.veekmas.fi\/wpc\/uploads\/2026\/03\/Veekmas-some-profiilikuva-800x800px-2025-07.png","contentUrl":"https:\/\/www.veekmas.fi\/wpc\/uploads\/2026\/03\/Veekmas-some-profiilikuva-800x800px-2025-07.png","width":512,"height":512,"caption":"Veekmas"},"image":{"@id":"https:\/\/www.veekmas.fi\/en\/#\/schema\/logo\/image\/"},"sameAs":["https:\/\/www.facebook.com\/Veekmas-106071847887476","https:\/\/www.youtube.com\/user\/VeekmasOy"]}]}},"_links":{"self":[{"href":"https:\/\/www.veekmas.fi\/en\/wp-json\/wp\/v2\/pages\/4555","targetHints":{"allow":["GET"]}}],"collection":[{"href":"https:\/\/www.veekmas.fi\/en\/wp-json\/wp\/v2\/pages"}],"about":[{"href":"https:\/\/www.veekmas.fi\/en\/wp-json\/wp\/v2\/types\/page"}],"author":[{"embeddable":true,"href":"https:\/\/www.veekmas.fi\/en\/wp-json\/wp\/v2\/users\/1"}],"replies":[{"embeddable":true,"href":"https:\/\/www.veekmas.fi\/en\/wp-json\/wp\/v2\/comments?post=4555"}],"version-history":[{"count":0,"href":"https:\/\/www.veekmas.fi\/en\/wp-json\/wp\/v2\/pages\/4555\/revisions"}],"up":[{"embeddable":true,"href":"https:\/\/www.veekmas.fi\/en\/wp-json\/wp\/v2\/pages\/4548"}],"wp:attachment":[{"href":"https:\/\/www.veekmas.fi\/en\/wp-json\/wp\/v2\/media?parent=4555"}],"curies":[{"name":"wp","href":"https:\/\/api.w.org\/{rel}","templated":true}]}}